{"id":1007,"date":"2018-04-20T20:01:01","date_gmt":"2018-04-20T20:01:01","guid":{"rendered":"http:\/\/www.kkik.hu\/kkik_wp\/?page_id=1007"},"modified":"2018-05-18T10:56:28","modified_gmt":"2018-05-18T08:56:28","slug":"muszaki-en","status":"publish","type":"page","link":"https:\/\/kkik.hu\/study\/muszaki-en\/","title":{"rendered":"STUDY IN HUNGARY-English#Muszaki"},"content":{"rendered":"\t\t<div data-elementor-type=\"wp-post\" data-elementor-id=\"1007\" class=\"elementor elementor-1007 elementor-bc-flex-widget\" data-elementor-settings=\"[]\">\n\t\t\t\t\t\t<div class=\"elementor-inner\">\n\t\t\t\t\t\t\t<div class=\"elementor-section-wrap\">\n\t\t\t\t\t\t\t<section class=\"elementor-section elementor-top-section elementor-element elementor-element-68077a02 elementor-section-height-min-height elementor-section-boxed elementor-section-height-default elementor-section-items-middle\" data-id=\"68077a02\" data-element_type=\"section\" data-settings=\"{&quot;background_background&quot;:&quot;classic&quot;}\">\n\t\t\t\t\t\t\t<div class=\"elementor-background-overlay\"><\/div>\n\t\t\t\t\t\t\t<div class=\"elementor-container elementor-column-gap-default\">\n\t\t\t\t\t\t\t<div class=\"elementor-row\">\n\t\t\t\t\t<div class=\"elementor-column elementor-col-100 elementor-top-column elementor-element elementor-element-52452467\" data-id=\"52452467\" data-element_type=\"column\">\n\t\t\t<div class=\"elementor-column-wrap elementor-element-populated\">\n\t\t\t\t\t\t\t<div class=\"elementor-widget-wrap\">\n\t\t\t\t\t\t<div class=\"elementor-element elementor-element-448e18a8 elementor-widget elementor-widget-heading\" data-id=\"448e18a8\" data-element_type=\"widget\" data-widget_type=\"heading.default\">\n\t\t\t\t<div class=\"elementor-widget-container\">\n\t\t\t<h2 class=\"elementor-heading-title elementor-size-large\">BME - Budapest University of Technology and Economics<\/h2>\t\t<\/div>\n\t\t\t\t<\/div>\n\t\t\t\t<div class=\"elementor-element elementor-element-2ed0f78f elementor-widget-divider--view-line elementor-widget elementor-widget-divider\" data-id=\"2ed0f78f\" data-element_type=\"widget\" data-widget_type=\"divider.default\">\n\t\t\t\t<div class=\"elementor-widget-container\">\n\t\t\t\t\t<div class=\"elementor-divider\">\n\t\t\t<span class=\"elementor-divider-separator\">\n\t\t\t\t\t\t<\/span>\n\t\t<\/div>\n\t\t\t\t<\/div>\n\t\t\t\t<\/div>\n\t\t\t\t\t\t<\/div>\n\t\t\t\t\t<\/div>\n\t\t<\/div>\n\t\t\t\t\t\t\t\t<\/div>\n\t\t\t\t\t<\/div>\n\t\t<\/section>\n\t\t\t\t<section class=\"elementor-section elementor-top-section elementor-element elementor-element-119bbd72 elementor-section-height-min-height elementor-section-content-middle elementor-section-boxed elementor-section-height-default elementor-section-items-middle\" data-id=\"119bbd72\" data-element_type=\"section\" data-settings=\"{&quot;background_background&quot;:&quot;classic&quot;}\">\n\t\t\t\t\t\t<div class=\"elementor-container elementor-column-gap-default\">\n\t\t\t\t\t\t\t<div class=\"elementor-row\">\n\t\t\t\t\t<div class=\"elementor-column elementor-col-50 elementor-top-column elementor-element elementor-element-5b7bee55\" data-id=\"5b7bee55\" data-element_type=\"column\">\n\t\t\t<div class=\"elementor-column-wrap elementor-element-populated\">\n\t\t\t\t\t\t\t<div class=\"elementor-widget-wrap\">\n\t\t\t\t\t\t<div class=\"elementor-element elementor-element-7a15dcca elementor-widget-divider--view-line elementor-widget elementor-widget-divider\" data-id=\"7a15dcca\" data-element_type=\"widget\" data-widget_type=\"divider.default\">\n\t\t\t\t<div class=\"elementor-widget-container\">\n\t\t\t\t\t<div class=\"elementor-divider\">\n\t\t\t<span class=\"elementor-divider-separator\">\n\t\t\t\t\t\t<\/span>\n\t\t<\/div>\n\t\t\t\t<\/div>\n\t\t\t\t<\/div>\n\t\t\t\t<div class=\"elementor-element elementor-element-38ccdc44 elementor-widget elementor-widget-text-editor\" data-id=\"38ccdc44\" data-element_type=\"widget\" data-widget_type=\"text-editor.default\">\n\t\t\t\t<div class=\"elementor-widget-container\">\n\t\t\t\t\t<div class=\"elementor-text-editor elementor-clearfix\"><h4 class=\"p1\"><span class=\"s1\">This university is the best choice if you are interested in technology and economics. <\/span><\/h4><\/div>\n\t\t\t\t<\/div>\n\t\t\t\t<\/div>\n\t\t\t\t\t\t<\/div>\n\t\t\t\t\t<\/div>\n\t\t<\/div>\n\t\t\t\t<div class=\"elementor-column elementor-col-50 elementor-top-column elementor-element elementor-element-55f322bc\" data-id=\"55f322bc\" data-element_type=\"column\">\n\t\t\t<div class=\"elementor-column-wrap elementor-element-populated\">\n\t\t\t\t\t\t\t<div class=\"elementor-widget-wrap\">\n\t\t\t\t\t\t<div class=\"elementor-element elementor-element-2c5c669e elementor-widget elementor-widget-image\" data-id=\"2c5c669e\" data-element_type=\"widget\" data-widget_type=\"image.default\">\n\t\t\t\t<div class=\"elementor-widget-container\">\n\t\t\t\t\t<div class=\"elementor-image\">\n\t\t\t\t\t\t\t\t\t\t<img width=\"512\" height=\"512\" src=\"https:\/\/kkik.hu\/study\/wp-content\/uploads\/2018\/04\/1470399607_Illustration.png\" class=\"attachment-full size-full\" alt=\"\" decoding=\"async\" loading=\"lazy\" srcset=\"https:\/\/kkik.hu\/study\/wp-content\/uploads\/2018\/04\/1470399607_Illustration.png 512w, https:\/\/kkik.hu\/study\/wp-content\/uploads\/2018\/04\/1470399607_Illustration-150x150.png 150w, https:\/\/kkik.hu\/study\/wp-content\/uploads\/2018\/04\/1470399607_Illustration-300x300.png 300w, https:\/\/kkik.hu\/study\/wp-content\/uploads\/2018\/04\/1470399607_Illustration-768x768.png 768w, https:\/\/kkik.hu\/study\/wp-content\/uploads\/2018\/04\/1470399607_Illustration-1024x1024.png 1024w, https:\/\/kkik.hu\/study\/wp-content\/uploads\/2018\/04\/1470399607_Illustration-20x20.png 20w\" sizes=\"(max-width: 512px) 100vw, 512px\" data-attachment-id=\"294\" data-permalink=\"https:\/\/kkik.hu\/study\/1470399607_illustration-png\/\" data-orig-file=\"https:\/\/kkik.hu\/study\/wp-content\/uploads\/2018\/04\/1470399607_Illustration.png\" data-orig-size=\"512,512\" data-comments-opened=\"1\" data-image-meta=\"{&quot;aperture&quot;:&quot;0&quot;,&quot;credit&quot;:&quot;&quot;,&quot;camera&quot;:&quot;&quot;,&quot;caption&quot;:&quot;&quot;,&quot;created_timestamp&quot;:&quot;0&quot;,&quot;copyright&quot;:&quot;&quot;,&quot;focal_length&quot;:&quot;0&quot;,&quot;iso&quot;:&quot;0&quot;,&quot;shutter_speed&quot;:&quot;0&quot;,&quot;title&quot;:&quot;&quot;,&quot;orientation&quot;:&quot;0&quot;}\" data-image-title=\"1470399607_Illustration.png\" data-image-description=\"\" data-medium-file=\"https:\/\/kkik.hu\/study\/wp-content\/uploads\/2018\/04\/1470399607_Illustration-300x300.png\" data-large-file=\"https:\/\/kkik.hu\/study\/wp-content\/uploads\/2018\/04\/1470399607_Illustration-1024x1024.png\" \/>\t\t\t\t\t\t\t\t\t\t\t<\/div>\n\t\t\t\t<\/div>\n\t\t\t\t<\/div>\n\t\t\t\t\t\t<\/div>\n\t\t\t\t\t<\/div>\n\t\t<\/div>\n\t\t\t\t\t\t\t\t<\/div>\n\t\t\t\t\t<\/div>\n\t\t<\/section>\n\t\t\t\t<section class=\"elementor-section elementor-top-section elementor-element elementor-element-4d7fbb7b elementor-section-height-min-height elementor-section-content-middle elementor-reverse-mobile elementor-section-boxed elementor-section-height-default elementor-section-items-middle\" data-id=\"4d7fbb7b\" data-element_type=\"section\" data-settings=\"{&quot;background_background&quot;:&quot;none&quot;}\">\n\t\t\t\t\t\t<div class=\"elementor-container elementor-column-gap-default\">\n\t\t\t\t\t\t\t<div class=\"elementor-row\">\n\t\t\t\t\t<div class=\"elementor-column elementor-col-50 elementor-top-column elementor-element elementor-element-659a0b5e\" data-id=\"659a0b5e\" data-element_type=\"column\">\n\t\t\t<div class=\"elementor-column-wrap elementor-element-populated\">\n\t\t\t\t\t\t\t<div class=\"elementor-widget-wrap\">\n\t\t\t\t\t\t<div class=\"elementor-element elementor-element-475498f3 elementor-widget elementor-widget-image\" data-id=\"475498f3\" data-element_type=\"widget\" data-widget_type=\"image.default\">\n\t\t\t\t<div class=\"elementor-widget-container\">\n\t\t\t\t\t<div class=\"elementor-image\">\n\t\t\t\t\t\t\t\t\t\t<img width=\"512\" height=\"512\" src=\"https:\/\/kkik.hu\/study\/wp-content\/uploads\/2018\/04\/1470399614_Social_Media.png\" class=\"attachment-full size-full\" alt=\"\" decoding=\"async\" loading=\"lazy\" srcset=\"https:\/\/kkik.hu\/study\/wp-content\/uploads\/2018\/04\/1470399614_Social_Media.png 512w, https:\/\/kkik.hu\/study\/wp-content\/uploads\/2018\/04\/1470399614_Social_Media-150x150.png 150w, https:\/\/kkik.hu\/study\/wp-content\/uploads\/2018\/04\/1470399614_Social_Media-300x300.png 300w, https:\/\/kkik.hu\/study\/wp-content\/uploads\/2018\/04\/1470399614_Social_Media-768x768.png 768w, https:\/\/kkik.hu\/study\/wp-content\/uploads\/2018\/04\/1470399614_Social_Media-1024x1024.png 1024w, https:\/\/kkik.hu\/study\/wp-content\/uploads\/2018\/04\/1470399614_Social_Media-20x20.png 20w\" sizes=\"(max-width: 512px) 100vw, 512px\" data-attachment-id=\"295\" data-permalink=\"https:\/\/kkik.hu\/study\/1470399614_social_media-png\/\" data-orig-file=\"https:\/\/kkik.hu\/study\/wp-content\/uploads\/2018\/04\/1470399614_Social_Media.png\" data-orig-size=\"512,512\" data-comments-opened=\"1\" data-image-meta=\"{&quot;aperture&quot;:&quot;0&quot;,&quot;credit&quot;:&quot;&quot;,&quot;camera&quot;:&quot;&quot;,&quot;caption&quot;:&quot;&quot;,&quot;created_timestamp&quot;:&quot;0&quot;,&quot;copyright&quot;:&quot;&quot;,&quot;focal_length&quot;:&quot;0&quot;,&quot;iso&quot;:&quot;0&quot;,&quot;shutter_speed&quot;:&quot;0&quot;,&quot;title&quot;:&quot;&quot;,&quot;orientation&quot;:&quot;0&quot;}\" data-image-title=\"1470399614_Social_Media.png\" data-image-description=\"\" data-medium-file=\"https:\/\/kkik.hu\/study\/wp-content\/uploads\/2018\/04\/1470399614_Social_Media-300x300.png\" data-large-file=\"https:\/\/kkik.hu\/study\/wp-content\/uploads\/2018\/04\/1470399614_Social_Media-1024x1024.png\" \/>\t\t\t\t\t\t\t\t\t\t\t<\/div>\n\t\t\t\t<\/div>\n\t\t\t\t<\/div>\n\t\t\t\t\t\t<\/div>\n\t\t\t\t\t<\/div>\n\t\t<\/div>\n\t\t\t\t<div class=\"elementor-column elementor-col-50 elementor-top-column elementor-element elementor-element-71c6a9dc\" data-id=\"71c6a9dc\" data-element_type=\"column\">\n\t\t\t<div class=\"elementor-column-wrap elementor-element-populated\">\n\t\t\t\t\t\t\t<div class=\"elementor-widget-wrap\">\n\t\t\t\t\t\t<div class=\"elementor-element elementor-element-38f740fd elementor-widget-divider--view-line elementor-widget elementor-widget-divider\" data-id=\"38f740fd\" data-element_type=\"widget\" data-widget_type=\"divider.default\">\n\t\t\t\t<div class=\"elementor-widget-container\">\n\t\t\t\t\t<div class=\"elementor-divider\">\n\t\t\t<span class=\"elementor-divider-separator\">\n\t\t\t\t\t\t<\/span>\n\t\t<\/div>\n\t\t\t\t<\/div>\n\t\t\t\t<\/div>\n\t\t\t\t<div class=\"elementor-element elementor-element-2a1f7e43 elementor-widget elementor-widget-text-editor\" data-id=\"2a1f7e43\" data-element_type=\"widget\" data-widget_type=\"text-editor.default\">\n\t\t\t\t<div class=\"elementor-widget-container\">\n\t\t\t\t\t<div class=\"elementor-text-editor elementor-clearfix\"><h4 class=\"p1\"><span class=\"s1\">With a Budapest University of Technology and Economics Degree, you will have a lot of job opportunities.<\/span><\/h4><\/div>\n\t\t\t\t<\/div>\n\t\t\t\t<\/div>\n\t\t\t\t\t\t<\/div>\n\t\t\t\t\t<\/div>\n\t\t<\/div>\n\t\t\t\t\t\t\t\t<\/div>\n\t\t\t\t\t<\/div>\n\t\t<\/section>\n\t\t\t\t<section class=\"elementor-section elementor-top-section elementor-element elementor-element-42fb82fe elementor-section-height-min-height elementor-section-content-middle elementor-section-boxed elementor-section-height-default elementor-section-items-middle\" data-id=\"42fb82fe\" data-element_type=\"section\" data-settings=\"{&quot;background_background&quot;:&quot;classic&quot;}\">\n\t\t\t\t\t\t<div class=\"elementor-container elementor-column-gap-default\">\n\t\t\t\t\t\t\t<div class=\"elementor-row\">\n\t\t\t\t\t<div class=\"elementor-column elementor-col-50 elementor-top-column elementor-element elementor-element-70b65e97\" data-id=\"70b65e97\" data-element_type=\"column\">\n\t\t\t<div class=\"elementor-column-wrap elementor-element-populated\">\n\t\t\t\t\t\t\t<div class=\"elementor-widget-wrap\">\n\t\t\t\t\t\t<div class=\"elementor-element elementor-element-70a000f8 elementor-widget-divider--view-line elementor-widget elementor-widget-divider\" data-id=\"70a000f8\" data-element_type=\"widget\" data-widget_type=\"divider.default\">\n\t\t\t\t<div class=\"elementor-widget-container\">\n\t\t\t\t\t<div class=\"elementor-divider\">\n\t\t\t<span class=\"elementor-divider-separator\">\n\t\t\t\t\t\t<\/span>\n\t\t<\/div>\n\t\t\t\t<\/div>\n\t\t\t\t<\/div>\n\t\t\t\t<div class=\"elementor-element elementor-element-2b56c7dd elementor-widget elementor-widget-text-editor\" data-id=\"2b56c7dd\" data-element_type=\"widget\" data-widget_type=\"text-editor.default\">\n\t\t\t\t<div class=\"elementor-widget-container\">\n\t\t\t\t\t<div class=\"elementor-text-editor elementor-clearfix\"><h4 class=\"p1\"><span class=\"s1\">Budapest University of Technology and Economics has 8 schools, 20,000 students and 1,700 international students.<\/span><\/h4><\/div>\n\t\t\t\t<\/div>\n\t\t\t\t<\/div>\n\t\t\t\t\t\t<\/div>\n\t\t\t\t\t<\/div>\n\t\t<\/div>\n\t\t\t\t<div class=\"elementor-column elementor-col-50 elementor-top-column elementor-element elementor-element-f18b710\" data-id=\"f18b710\" data-element_type=\"column\">\n\t\t\t<div class=\"elementor-column-wrap elementor-element-populated\">\n\t\t\t\t\t\t\t<div class=\"elementor-widget-wrap\">\n\t\t\t\t\t\t<div class=\"elementor-element elementor-element-5a27bf6d elementor-widget elementor-widget-image\" data-id=\"5a27bf6d\" data-element_type=\"widget\" data-widget_type=\"image.default\">\n\t\t\t\t<div class=\"elementor-widget-container\">\n\t\t\t\t\t<div class=\"elementor-image\">\n\t\t\t\t\t\t\t\t\t\t<img width=\"512\" height=\"512\" src=\"https:\/\/kkik.hu\/study\/wp-content\/uploads\/2018\/04\/1470399594_Web_Design.png\" class=\"attachment-full size-full\" alt=\"\" decoding=\"async\" loading=\"lazy\" srcset=\"https:\/\/kkik.hu\/study\/wp-content\/uploads\/2018\/04\/1470399594_Web_Design.png 512w, https:\/\/kkik.hu\/study\/wp-content\/uploads\/2018\/04\/1470399594_Web_Design-150x150.png 150w, https:\/\/kkik.hu\/study\/wp-content\/uploads\/2018\/04\/1470399594_Web_Design-300x300.png 300w, https:\/\/kkik.hu\/study\/wp-content\/uploads\/2018\/04\/1470399594_Web_Design-768x768.png 768w, https:\/\/kkik.hu\/study\/wp-content\/uploads\/2018\/04\/1470399594_Web_Design-1024x1024.png 1024w, https:\/\/kkik.hu\/study\/wp-content\/uploads\/2018\/04\/1470399594_Web_Design-20x20.png 20w\" sizes=\"(max-width: 512px) 100vw, 512px\" data-attachment-id=\"296\" data-permalink=\"https:\/\/kkik.hu\/study\/1470399594_web_design-png\/\" data-orig-file=\"https:\/\/kkik.hu\/study\/wp-content\/uploads\/2018\/04\/1470399594_Web_Design.png\" data-orig-size=\"512,512\" data-comments-opened=\"1\" data-image-meta=\"{&quot;aperture&quot;:&quot;0&quot;,&quot;credit&quot;:&quot;&quot;,&quot;camera&quot;:&quot;&quot;,&quot;caption&quot;:&quot;&quot;,&quot;created_timestamp&quot;:&quot;0&quot;,&quot;copyright&quot;:&quot;&quot;,&quot;focal_length&quot;:&quot;0&quot;,&quot;iso&quot;:&quot;0&quot;,&quot;shutter_speed&quot;:&quot;0&quot;,&quot;title&quot;:&quot;&quot;,&quot;orientation&quot;:&quot;0&quot;}\" data-image-title=\"1470399594_Web_Design.png\" data-image-description=\"\" data-medium-file=\"https:\/\/kkik.hu\/study\/wp-content\/uploads\/2018\/04\/1470399594_Web_Design-300x300.png\" data-large-file=\"https:\/\/kkik.hu\/study\/wp-content\/uploads\/2018\/04\/1470399594_Web_Design-1024x1024.png\" \/>\t\t\t\t\t\t\t\t\t\t\t<\/div>\n\t\t\t\t<\/div>\n\t\t\t\t<\/div>\n\t\t\t\t\t\t<\/div>\n\t\t\t\t\t<\/div>\n\t\t<\/div>\n\t\t\t\t\t\t\t\t<\/div>\n\t\t\t\t\t<\/div>\n\t\t<\/section>\n\t\t\t\t<section class=\"elementor-section elementor-top-section elementor-element elementor-element-5e0c82aa elementor-section-content-middle elementor-section-height-min-height elementor-section-boxed elementor-section-height-default elementor-section-items-middle\" data-id=\"5e0c82aa\" data-element_type=\"section\">\n\t\t\t\t\t\t<div class=\"elementor-container elementor-column-gap-no\">\n\t\t\t\t\t\t\t<div class=\"elementor-row\">\n\t\t\t\t\t<div class=\"elementor-column elementor-col-50 elementor-top-column elementor-element elementor-element-34546de3\" data-id=\"34546de3\" data-element_type=\"column\">\n\t\t\t<div class=\"elementor-column-wrap elementor-element-populated\">\n\t\t\t\t\t\t\t<div class=\"elementor-widget-wrap\">\n\t\t\t\t\t\t<div class=\"elementor-element elementor-element-5b426016 elementor-position-left elementor-view-default elementor-vertical-align-top elementor-widget elementor-widget-icon-box\" data-id=\"5b426016\" data-element_type=\"widget\" data-widget_type=\"icon-box.default\">\n\t\t\t\t<div class=\"elementor-widget-container\">\n\t\t\t\t\t<div class=\"elementor-icon-box-wrapper\">\n\t\t\t\t\t\t<div class=\"elementor-icon-box-icon\">\n\t\t\t\t<span class=\"elementor-icon elementor-animation-\" >\n\t\t\t\t<i class=\"fa fa-pencil\" aria-hidden=\"true\"><\/i>\t\t\t\t<\/span>\n\t\t\t<\/div>\n\t\t\t\t\t\t<div class=\"elementor-icon-box-content\">\n\t\t\t\t<h3 class=\"elementor-icon-box-title\">\n\t\t\t\t\t<span ><\/span>\n\t\t\t\t<\/h3>\n\t\t\t\t\t\t\t\t<p class=\"elementor-icon-box-description\">This university is the best choice if you are interested in technology and economics. \n<\/p>\n\t\t\t\t\t\t\t<\/div>\n\t\t<\/div>\n\t\t\t\t<\/div>\n\t\t\t\t<\/div>\n\t\t\t\t<div class=\"elementor-element elementor-element-2c08a3f1 elementor-position-left elementor-view-default elementor-vertical-align-top elementor-widget elementor-widget-icon-box\" data-id=\"2c08a3f1\" data-element_type=\"widget\" data-widget_type=\"icon-box.default\">\n\t\t\t\t<div class=\"elementor-widget-container\">\n\t\t\t\t\t<div class=\"elementor-icon-box-wrapper\">\n\t\t\t\t\t\t<div class=\"elementor-icon-box-icon\">\n\t\t\t\t<span class=\"elementor-icon elementor-animation-\" >\n\t\t\t\t<i class=\"fa fa-flash\" aria-hidden=\"true\"><\/i>\t\t\t\t<\/span>\n\t\t\t<\/div>\n\t\t\t\t\t\t<div class=\"elementor-icon-box-content\">\n\t\t\t\t<h3 class=\"elementor-icon-box-title\">\n\t\t\t\t\t<span ><\/span>\n\t\t\t\t<\/h3>\n\t\t\t\t\t\t\t\t<p class=\"elementor-icon-box-description\">Budapest University of Technology and Economics has 8 schools, 20,000 students and 1,700 international students.\n\n<\/p>\n\t\t\t\t\t\t\t<\/div>\n\t\t<\/div>\n\t\t\t\t<\/div>\n\t\t\t\t<\/div>\n\t\t\t\t<div class=\"elementor-element elementor-element-73feb002 elementor-position-left elementor-view-default elementor-vertical-align-top elementor-widget elementor-widget-icon-box\" data-id=\"73feb002\" data-element_type=\"widget\" data-widget_type=\"icon-box.default\">\n\t\t\t\t<div class=\"elementor-widget-container\">\n\t\t\t\t\t<div class=\"elementor-icon-box-wrapper\">\n\t\t\t\t\t\t<div class=\"elementor-icon-box-icon\">\n\t\t\t\t<span class=\"elementor-icon elementor-animation-\" >\n\t\t\t\t<i class=\"fa fa-codepen\" aria-hidden=\"true\"><\/i>\t\t\t\t<\/span>\n\t\t\t<\/div>\n\t\t\t\t\t\t<div class=\"elementor-icon-box-content\">\n\t\t\t\t<h3 class=\"elementor-icon-box-title\">\n\t\t\t\t\t<span ><\/span>\n\t\t\t\t<\/h3>\n\t\t\t\t\t\t\t\t<p class=\"elementor-icon-box-description\">With a Budapest University of Technology and Economics Degree, you will have a lot of job opportunities.\n<\/p>\n\t\t\t\t\t\t\t<\/div>\n\t\t<\/div>\n\t\t\t\t<\/div>\n\t\t\t\t<\/div>\n\t\t\t\t\t\t<\/div>\n\t\t\t\t\t<\/div>\n\t\t<\/div>\n\t\t\t\t<div class=\"elementor-column elementor-col-50 elementor-top-column elementor-element elementor-element-34c6b545\" data-id=\"34c6b545\" data-element_type=\"column\">\n\t\t\t<div class=\"elementor-column-wrap elementor-element-populated\">\n\t\t\t\t\t\t\t<div class=\"elementor-widget-wrap\">\n\t\t\t\t\t\t<div class=\"elementor-element elementor-element-22094ef9 elementor-widget elementor-widget-image\" data-id=\"22094ef9\" data-element_type=\"widget\" data-widget_type=\"image.default\">\n\t\t\t\t<div class=\"elementor-widget-container\">\n\t\t\t\t\t<div class=\"elementor-image\">\n\t\t\t\t\t\t\t\t\t\t<img width=\"1200\" height=\"1200\" src=\"https:\/\/kkik.hu\/study\/wp-content\/uploads\/2018\/04\/jj.jpg\" class=\"attachment-full size-full\" alt=\"\" decoding=\"async\" loading=\"lazy\" srcset=\"https:\/\/kkik.hu\/study\/wp-content\/uploads\/2018\/04\/jj.jpg 1200w, https:\/\/kkik.hu\/study\/wp-content\/uploads\/2018\/04\/jj-150x150.jpg 150w, https:\/\/kkik.hu\/study\/wp-content\/uploads\/2018\/04\/jj-300x300.jpg 300w, https:\/\/kkik.hu\/study\/wp-content\/uploads\/2018\/04\/jj-768x768.jpg 768w, https:\/\/kkik.hu\/study\/wp-content\/uploads\/2018\/04\/jj-1024x1024.jpg 1024w, https:\/\/kkik.hu\/study\/wp-content\/uploads\/2018\/04\/jj-20x20.jpg 20w\" sizes=\"(max-width: 1200px) 100vw, 1200px\" data-attachment-id=\"442\" data-permalink=\"https:\/\/kkik.hu\/study\/jj\/\" data-orig-file=\"https:\/\/kkik.hu\/study\/wp-content\/uploads\/2018\/04\/jj.jpg\" data-orig-size=\"1200,1200\" data-comments-opened=\"1\" data-image-meta=\"{&quot;aperture&quot;:&quot;0&quot;,&quot;credit&quot;:&quot;&quot;,&quot;camera&quot;:&quot;&quot;,&quot;caption&quot;:&quot;&quot;,&quot;created_timestamp&quot;:&quot;0&quot;,&quot;copyright&quot;:&quot;&quot;,&quot;focal_length&quot;:&quot;0&quot;,&quot;iso&quot;:&quot;0&quot;,&quot;shutter_speed&quot;:&quot;0&quot;,&quot;title&quot;:&quot;&quot;,&quot;orientation&quot;:&quot;1&quot;}\" data-image-title=\"jj\" data-image-description=\"\" data-medium-file=\"https:\/\/kkik.hu\/study\/wp-content\/uploads\/2018\/04\/jj-300x300.jpg\" data-large-file=\"https:\/\/kkik.hu\/study\/wp-content\/uploads\/2018\/04\/jj-1024x1024.jpg\" \/>\t\t\t\t\t\t\t\t\t\t\t<\/div>\n\t\t\t\t<\/div>\n\t\t\t\t<\/div>\n\t\t\t\t\t\t<\/div>\n\t\t\t\t\t<\/div>\n\t\t<\/div>\n\t\t\t\t\t\t\t\t<\/div>\n\t\t\t\t\t<\/div>\n\t\t<\/section>\n\t\t\t\t\t\t<\/div>\n\t\t\t\t\t\t<\/div>\n\t\t\t\t\t<\/div>\n\t\t","protected":false},"excerpt":{"rendered":"<p>BME &#8211; Budapest University of Technology and Econo &hellip;<\/p>\n<p class=\"read-more\"> <a class=\"\" href=\"https:\/\/kkik.hu\/study\/muszaki-en\/\"> <span class=\"screen-reader-text\">STUDY IN HUNGARY-English#Muszaki<\/span> \u67e5\u770b\u5168\u6587 &raquo;<\/a><\/p>\n","protected":false},"author":3,"featured_media":0,"parent":0,"menu_order":0,"comment_status":"closed","ping_status":"closed","template":"elementor_header_footer","meta":{"_monsterinsights_skip_tracking":false,"_monsterinsights_sitenote_active":false,"_monsterinsights_sitenote_note":"","_monsterinsights_sitenote_category":0,"spay_email":""},"jetpack-related-posts":[{"id":872,"url":"https:\/\/kkik.hu\/study\/","url_meta":{"origin":1007,"position":0},"title":"STUDY IN HUNGARY","date":"2018-04-20","format":false,"excerpt":"STUDY IN HUNGARY Hungary\u2019s higher education has gr\u2026","rel":"","context":"\u7c7b\u4f3c\u6587\u7ae0","img":{"alt_text":"","src":"https:\/\/i0.wp.com\/kkik.hu\/study\/wp-content\/uploads\/2018\/05\/13092Q10A4-14-4.jpg?resize=350%2C200&ssl=1","width":350,"height":200},"classes":[]},{"id":935,"url":"https:\/\/kkik.hu\/study\/lorand-en\/","url_meta":{"origin":1007,"position":1},"title":"STUDY IN HUNGARY-English#Lor\u00e1nd","date":"2018-04-20","format":false,"excerpt":"E\u00f6tv\u00f6s Lor\u00e1nd Tudom\u00e1nyegyetem E\u00f6tv\u00f6s Lor\u00e1nd Univer\u2026","rel":"","context":"\u7c7b\u4f3c\u6587\u7ae0","img":{"alt_text":"","src":"https:\/\/i2.wp.com\/kkik.hu\/study\/wp-content\/uploads\/2018\/04\/1470399594_Web_Design.png?resize=350%2C200&ssl=1","width":350,"height":200},"classes":[]},{"id":1348,"url":"https:\/\/kkik.hu\/study\/dunaujvaros-en\/","url_meta":{"origin":1007,"position":2},"title":"STUDY IN HUNGARY-English#Duna\u00fajv\u00e1ros","date":"2018-05-07","format":false,"excerpt":"University of Duna\u00fajv\u00e1ros The institution becomes \u2026","rel":"","context":"\u7c7b\u4f3c\u6587\u7ae0","img":{"alt_text":"","src":"https:\/\/i1.wp.com\/kkik.hu\/study\/wp-content\/uploads\/2018\/04\/1470399607_Illustration.png?resize=350%2C200&ssl=1","width":350,"height":200},"classes":[]},{"id":2232,"url":"https:\/\/kkik.hu\/study\/karoli-en\/","url_meta":{"origin":1007,"position":3},"title":"STUDY IN HUNGARY-English#K\u00e1roli","date":"2018-05-17","format":false,"excerpt":"K\u00e1roli G\u00e1sp\u00e1r university This university was found\u2026","rel":"","context":"\u7c7b\u4f3c\u6587\u7ae0","img":{"alt_text":"","src":"https:\/\/i1.wp.com\/kkik.hu\/study\/wp-content\/uploads\/2018\/04\/1470399607_Illustration.png?resize=350%2C200&ssl=1","width":350,"height":200},"classes":[]},{"id":1017,"url":"https:\/\/kkik.hu\/study\/corvinus-en\/","url_meta":{"origin":1007,"position":4},"title":"STUDY IN HUNGARY-English#Corvinus","date":"2018-04-20","format":false,"excerpt":"Corvinus university of Budapest Corvinus Universit\u2026","rel":"","context":"\u7c7b\u4f3c\u6587\u7ae0","img":{"alt_text":"","src":"https:\/\/i1.wp.com\/kkik.hu\/study\/wp-content\/uploads\/2018\/04\/1470399607_Illustration.png?resize=350%2C200&ssl=1","width":350,"height":200},"classes":[]},{"id":2139,"url":"https:\/\/kkik.hu\/study\/semmelweis-en\/","url_meta":{"origin":1007,"position":5},"title":"STUDY IN HUNGARY-English#Semmelweis","date":"2018-05-16","format":false,"excerpt":"Semmelweis University With its more the 250 years \u2026","rel":"","context":"\u7c7b\u4f3c\u6587\u7ae0","img":{"alt_text":"","src":"https:\/\/i1.wp.com\/kkik.hu\/study\/wp-content\/uploads\/2018\/04\/1470399607_Illustration.png?resize=350%2C200&ssl=1","width":350,"height":200},"classes":[]}],"jetpack_shortlink":"https:\/\/wp.me\/P9V5h9-gf","_links":{"self":[{"href":"https:\/\/kkik.hu\/study\/wp-json\/wp\/v2\/pages\/1007"}],"collection":[{"href":"https:\/\/kkik.hu\/study\/wp-json\/wp\/v2\/pages"}],"about":[{"href":"https:\/\/kkik.hu\/study\/wp-json\/wp\/v2\/types\/page"}],"author":[{"embeddable":true,"href":"https:\/\/kkik.hu\/study\/wp-json\/wp\/v2\/users\/3"}],"replies":[{"embeddable":true,"href":"https:\/\/kkik.hu\/study\/wp-json\/wp\/v2\/comments?post=1007"}],"version-history":[{"count":0,"href":"https:\/\/kkik.hu\/study\/wp-json\/wp\/v2\/pages\/1007\/revisions"}],"wp:attachment":[{"href":"https:\/\/kkik.hu\/study\/wp-json\/wp\/v2\/media?parent=1007"}],"curies":[{"name":"wp","href":"https:\/\/api.w.org\/{rel}","templated":true}]}}