{"id":1348,"date":"2018-05-07T15:58:00","date_gmt":"2018-05-07T15:58:00","guid":{"rendered":"http:\/\/www.kkik.hu\/kkik_wp\/?page_id=1348"},"modified":"2018-05-14T23:11:35","modified_gmt":"2018-05-14T21:11:35","slug":"dunaujvaros-en","status":"publish","type":"page","link":"https:\/\/kkik.hu\/study\/dunaujvaros-en\/","title":{"rendered":"STUDY IN HUNGARY-English#Duna\u00fajv\u00e1ros"},"content":{"rendered":"\t\t<div data-elementor-type=\"wp-post\" data-elementor-id=\"1348\" class=\"elementor elementor-1348 elementor-bc-flex-widget\" data-elementor-settings=\"[]\">\n\t\t\t\t\t\t<div class=\"elementor-inner\">\n\t\t\t\t\t\t\t<div class=\"elementor-section-wrap\">\n\t\t\t\t\t\t\t<section class=\"elementor-section elementor-top-section elementor-element elementor-element-5ce4cfed elementor-section-height-min-height elementor-section-boxed elementor-section-height-default elementor-section-items-middle\" data-id=\"5ce4cfed\" data-element_type=\"section\" data-settings=\"{&quot;background_background&quot;:&quot;classic&quot;}\">\n\t\t\t\t\t\t\t<div class=\"elementor-background-overlay\"><\/div>\n\t\t\t\t\t\t\t<div class=\"elementor-container elementor-column-gap-default\">\n\t\t\t\t\t\t\t<div class=\"elementor-row\">\n\t\t\t\t\t<div class=\"elementor-column elementor-col-100 elementor-top-column elementor-element elementor-element-25c8f08b\" data-id=\"25c8f08b\" data-element_type=\"column\">\n\t\t\t<div class=\"elementor-column-wrap elementor-element-populated\">\n\t\t\t\t\t\t\t<div class=\"elementor-widget-wrap\">\n\t\t\t\t\t\t<div class=\"elementor-element elementor-element-f339b60 elementor-widget elementor-widget-heading\" data-id=\"f339b60\" data-element_type=\"widget\" data-widget_type=\"heading.default\">\n\t\t\t\t<div class=\"elementor-widget-container\">\n\t\t\t<h2 class=\"elementor-heading-title elementor-size-large\">University of Duna\u00fajv\u00e1ros<\/h2>\t\t<\/div>\n\t\t\t\t<\/div>\n\t\t\t\t<div class=\"elementor-element elementor-element-1577c8a9 elementor-widget-divider--view-line elementor-widget elementor-widget-divider\" data-id=\"1577c8a9\" data-element_type=\"widget\" data-widget_type=\"divider.default\">\n\t\t\t\t<div class=\"elementor-widget-container\">\n\t\t\t\t\t<div class=\"elementor-divider\">\n\t\t\t<span class=\"elementor-divider-separator\">\n\t\t\t\t\t\t<\/span>\n\t\t<\/div>\n\t\t\t\t<\/div>\n\t\t\t\t<\/div>\n\t\t\t\t\t\t<\/div>\n\t\t\t\t\t<\/div>\n\t\t<\/div>\n\t\t\t\t\t\t\t\t<\/div>\n\t\t\t\t\t<\/div>\n\t\t<\/section>\n\t\t\t\t<section class=\"elementor-section elementor-top-section elementor-element elementor-element-5a749a55 elementor-section-height-min-height elementor-section-content-middle elementor-section-boxed elementor-section-height-default elementor-section-items-middle\" data-id=\"5a749a55\" data-element_type=\"section\" data-settings=\"{&quot;background_background&quot;:&quot;classic&quot;}\">\n\t\t\t\t\t\t<div class=\"elementor-container elementor-column-gap-default\">\n\t\t\t\t\t\t\t<div class=\"elementor-row\">\n\t\t\t\t\t<div class=\"elementor-column elementor-col-50 elementor-top-column elementor-element elementor-element-50a89048\" data-id=\"50a89048\" data-element_type=\"column\">\n\t\t\t<div class=\"elementor-column-wrap elementor-element-populated\">\n\t\t\t\t\t\t\t<div class=\"elementor-widget-wrap\">\n\t\t\t\t\t\t<div class=\"elementor-element elementor-element-14889ce1 elementor-widget-divider--view-line elementor-widget elementor-widget-divider\" data-id=\"14889ce1\" data-element_type=\"widget\" data-widget_type=\"divider.default\">\n\t\t\t\t<div class=\"elementor-widget-container\">\n\t\t\t\t\t<div class=\"elementor-divider\">\n\t\t\t<span class=\"elementor-divider-separator\">\n\t\t\t\t\t\t<\/span>\n\t\t<\/div>\n\t\t\t\t<\/div>\n\t\t\t\t<\/div>\n\t\t\t\t<div class=\"elementor-element elementor-element-124cd5e4 elementor-widget elementor-widget-text-editor\" data-id=\"124cd5e4\" data-element_type=\"widget\" data-widget_type=\"text-editor.default\">\n\t\t\t\t<div class=\"elementor-widget-container\">\n\t\t\t\t\t<div class=\"elementor-text-editor elementor-clearfix\"><h5>The institution becomes an independent higher educational institution under the name College of Duna\u00fajv\u00e1ros. From 2003 communications and media program becomes available.<\/h5><\/div>\n\t\t\t\t<\/div>\n\t\t\t\t<\/div>\n\t\t\t\t\t\t<\/div>\n\t\t\t\t\t<\/div>\n\t\t<\/div>\n\t\t\t\t<div class=\"elementor-column elementor-col-50 elementor-top-column elementor-element elementor-element-4e272f82\" data-id=\"4e272f82\" data-element_type=\"column\">\n\t\t\t<div class=\"elementor-column-wrap elementor-element-populated\">\n\t\t\t\t\t\t\t<div class=\"elementor-widget-wrap\">\n\t\t\t\t\t\t<div class=\"elementor-element elementor-element-2737321e elementor-widget elementor-widget-image\" data-id=\"2737321e\" data-element_type=\"widget\" data-widget_type=\"image.default\">\n\t\t\t\t<div class=\"elementor-widget-container\">\n\t\t\t\t\t<div class=\"elementor-image\">\n\t\t\t\t\t\t\t\t\t\t<img width=\"512\" height=\"512\" src=\"https:\/\/kkik.hu\/study\/wp-content\/uploads\/2018\/04\/1470399607_Illustration.png\" class=\"attachment-full size-full\" alt=\"\" decoding=\"async\" loading=\"lazy\" srcset=\"https:\/\/kkik.hu\/study\/wp-content\/uploads\/2018\/04\/1470399607_Illustration.png 512w, https:\/\/kkik.hu\/study\/wp-content\/uploads\/2018\/04\/1470399607_Illustration-150x150.png 150w, https:\/\/kkik.hu\/study\/wp-content\/uploads\/2018\/04\/1470399607_Illustration-300x300.png 300w, https:\/\/kkik.hu\/study\/wp-content\/uploads\/2018\/04\/1470399607_Illustration-768x768.png 768w, https:\/\/kkik.hu\/study\/wp-content\/uploads\/2018\/04\/1470399607_Illustration-1024x1024.png 1024w, https:\/\/kkik.hu\/study\/wp-content\/uploads\/2018\/04\/1470399607_Illustration-20x20.png 20w\" sizes=\"(max-width: 512px) 100vw, 512px\" data-attachment-id=\"294\" data-permalink=\"https:\/\/kkik.hu\/study\/1470399607_illustration-png\/\" data-orig-file=\"https:\/\/kkik.hu\/study\/wp-content\/uploads\/2018\/04\/1470399607_Illustration.png\" data-orig-size=\"512,512\" data-comments-opened=\"1\" data-image-meta=\"{&quot;aperture&quot;:&quot;0&quot;,&quot;credit&quot;:&quot;&quot;,&quot;camera&quot;:&quot;&quot;,&quot;caption&quot;:&quot;&quot;,&quot;created_timestamp&quot;:&quot;0&quot;,&quot;copyright&quot;:&quot;&quot;,&quot;focal_length&quot;:&quot;0&quot;,&quot;iso&quot;:&quot;0&quot;,&quot;shutter_speed&quot;:&quot;0&quot;,&quot;title&quot;:&quot;&quot;,&quot;orientation&quot;:&quot;0&quot;}\" data-image-title=\"1470399607_Illustration.png\" data-image-description=\"\" data-medium-file=\"https:\/\/kkik.hu\/study\/wp-content\/uploads\/2018\/04\/1470399607_Illustration-300x300.png\" data-large-file=\"https:\/\/kkik.hu\/study\/wp-content\/uploads\/2018\/04\/1470399607_Illustration-1024x1024.png\" \/>\t\t\t\t\t\t\t\t\t\t\t<\/div>\n\t\t\t\t<\/div>\n\t\t\t\t<\/div>\n\t\t\t\t\t\t<\/div>\n\t\t\t\t\t<\/div>\n\t\t<\/div>\n\t\t\t\t\t\t\t\t<\/div>\n\t\t\t\t\t<\/div>\n\t\t<\/section>\n\t\t\t\t<section class=\"elementor-section elementor-top-section elementor-element elementor-element-6bdb3542 elementor-section-height-min-height elementor-section-content-middle elementor-reverse-mobile elementor-section-boxed elementor-section-height-default elementor-section-items-middle\" data-id=\"6bdb3542\" data-element_type=\"section\" data-settings=\"{&quot;background_background&quot;:&quot;none&quot;}\">\n\t\t\t\t\t\t<div class=\"elementor-container elementor-column-gap-default\">\n\t\t\t\t\t\t\t<div class=\"elementor-row\">\n\t\t\t\t\t<div class=\"elementor-column elementor-col-50 elementor-top-column elementor-element elementor-element-12ff964b\" data-id=\"12ff964b\" data-element_type=\"column\">\n\t\t\t<div class=\"elementor-column-wrap elementor-element-populated\">\n\t\t\t\t\t\t\t<div class=\"elementor-widget-wrap\">\n\t\t\t\t\t\t<div class=\"elementor-element elementor-element-4143e280 elementor-widget elementor-widget-image\" data-id=\"4143e280\" data-element_type=\"widget\" data-widget_type=\"image.default\">\n\t\t\t\t<div class=\"elementor-widget-container\">\n\t\t\t\t\t<div class=\"elementor-image\">\n\t\t\t\t\t\t\t\t\t\t<img width=\"512\" height=\"512\" src=\"https:\/\/kkik.hu\/study\/wp-content\/uploads\/2018\/04\/1470399614_Social_Media.png\" class=\"attachment-full size-full\" alt=\"\" decoding=\"async\" loading=\"lazy\" srcset=\"https:\/\/kkik.hu\/study\/wp-content\/uploads\/2018\/04\/1470399614_Social_Media.png 512w, https:\/\/kkik.hu\/study\/wp-content\/uploads\/2018\/04\/1470399614_Social_Media-150x150.png 150w, https:\/\/kkik.hu\/study\/wp-content\/uploads\/2018\/04\/1470399614_Social_Media-300x300.png 300w, https:\/\/kkik.hu\/study\/wp-content\/uploads\/2018\/04\/1470399614_Social_Media-768x768.png 768w, https:\/\/kkik.hu\/study\/wp-content\/uploads\/2018\/04\/1470399614_Social_Media-1024x1024.png 1024w, https:\/\/kkik.hu\/study\/wp-content\/uploads\/2018\/04\/1470399614_Social_Media-20x20.png 20w\" sizes=\"(max-width: 512px) 100vw, 512px\" data-attachment-id=\"295\" data-permalink=\"https:\/\/kkik.hu\/study\/1470399614_social_media-png\/\" data-orig-file=\"https:\/\/kkik.hu\/study\/wp-content\/uploads\/2018\/04\/1470399614_Social_Media.png\" data-orig-size=\"512,512\" data-comments-opened=\"1\" data-image-meta=\"{&quot;aperture&quot;:&quot;0&quot;,&quot;credit&quot;:&quot;&quot;,&quot;camera&quot;:&quot;&quot;,&quot;caption&quot;:&quot;&quot;,&quot;created_timestamp&quot;:&quot;0&quot;,&quot;copyright&quot;:&quot;&quot;,&quot;focal_length&quot;:&quot;0&quot;,&quot;iso&quot;:&quot;0&quot;,&quot;shutter_speed&quot;:&quot;0&quot;,&quot;title&quot;:&quot;&quot;,&quot;orientation&quot;:&quot;0&quot;}\" data-image-title=\"1470399614_Social_Media.png\" data-image-description=\"\" data-medium-file=\"https:\/\/kkik.hu\/study\/wp-content\/uploads\/2018\/04\/1470399614_Social_Media-300x300.png\" data-large-file=\"https:\/\/kkik.hu\/study\/wp-content\/uploads\/2018\/04\/1470399614_Social_Media-1024x1024.png\" \/>\t\t\t\t\t\t\t\t\t\t\t<\/div>\n\t\t\t\t<\/div>\n\t\t\t\t<\/div>\n\t\t\t\t\t\t<\/div>\n\t\t\t\t\t<\/div>\n\t\t<\/div>\n\t\t\t\t<div class=\"elementor-column elementor-col-50 elementor-top-column elementor-element elementor-element-6f063db7\" data-id=\"6f063db7\" data-element_type=\"column\">\n\t\t\t<div class=\"elementor-column-wrap elementor-element-populated\">\n\t\t\t\t\t\t\t<div class=\"elementor-widget-wrap\">\n\t\t\t\t\t\t<div class=\"elementor-element elementor-element-28b02216 elementor-widget-divider--view-line elementor-widget elementor-widget-divider\" data-id=\"28b02216\" data-element_type=\"widget\" data-widget_type=\"divider.default\">\n\t\t\t\t<div class=\"elementor-widget-container\">\n\t\t\t\t\t<div class=\"elementor-divider\">\n\t\t\t<span class=\"elementor-divider-separator\">\n\t\t\t\t\t\t<\/span>\n\t\t<\/div>\n\t\t\t\t<\/div>\n\t\t\t\t<\/div>\n\t\t\t\t<div class=\"elementor-element elementor-element-3d4b5bbc elementor-widget elementor-widget-text-editor\" data-id=\"3d4b5bbc\" data-element_type=\"widget\" data-widget_type=\"text-editor.default\">\n\t\t\t\t<div class=\"elementor-widget-container\">\n\t\t\t\t\t<div class=\"elementor-text-editor elementor-clearfix\"><h5>Bergschola is transformed to an academy under the name Academia Montanistica in 1761 with the aim of educating experts in mining and metallurgy both for Hungary and for the whole Austro-Hungarian Empire.<\/h5><\/div>\n\t\t\t\t<\/div>\n\t\t\t\t<\/div>\n\t\t\t\t\t\t<\/div>\n\t\t\t\t\t<\/div>\n\t\t<\/div>\n\t\t\t\t\t\t\t\t<\/div>\n\t\t\t\t\t<\/div>\n\t\t<\/section>\n\t\t\t\t<section class=\"elementor-section elementor-top-section elementor-element elementor-element-3418cd61 elementor-section-height-min-height elementor-section-content-middle elementor-section-boxed elementor-section-height-default elementor-section-items-middle\" data-id=\"3418cd61\" data-element_type=\"section\" data-settings=\"{&quot;background_background&quot;:&quot;classic&quot;}\">\n\t\t\t\t\t\t<div class=\"elementor-container elementor-column-gap-default\">\n\t\t\t\t\t\t\t<div class=\"elementor-row\">\n\t\t\t\t\t<div class=\"elementor-column elementor-col-50 elementor-top-column elementor-element elementor-element-3cb97a53\" data-id=\"3cb97a53\" data-element_type=\"column\">\n\t\t\t<div class=\"elementor-column-wrap elementor-element-populated\">\n\t\t\t\t\t\t\t<div class=\"elementor-widget-wrap\">\n\t\t\t\t\t\t<div class=\"elementor-element elementor-element-77bb843e elementor-widget-divider--view-line elementor-widget elementor-widget-divider\" data-id=\"77bb843e\" data-element_type=\"widget\" data-widget_type=\"divider.default\">\n\t\t\t\t<div class=\"elementor-widget-container\">\n\t\t\t\t\t<div class=\"elementor-divider\">\n\t\t\t<span class=\"elementor-divider-separator\">\n\t\t\t\t\t\t<\/span>\n\t\t<\/div>\n\t\t\t\t<\/div>\n\t\t\t\t<\/div>\n\t\t\t\t<div class=\"elementor-element elementor-element-2d5f8c18 elementor-widget elementor-widget-text-editor\" data-id=\"2d5f8c18\" data-element_type=\"widget\" data-widget_type=\"text-editor.default\">\n\t\t\t\t<div class=\"elementor-widget-container\">\n\t\t\t\t\t<div class=\"elementor-text-editor elementor-clearfix\"><h5>Establishment of Bergschola at Selmecb\u00e1nya (Bansk\u00e1 \u0160tiavnica, currently situated in Slovakia), predecessor of the Academy of Selmecb\u00e1nya. This date is considered as the foundation date of technical higher education in Hungary.<\/h5><\/div>\n\t\t\t\t<\/div>\n\t\t\t\t<\/div>\n\t\t\t\t\t\t<\/div>\n\t\t\t\t\t<\/div>\n\t\t<\/div>\n\t\t\t\t<div class=\"elementor-column elementor-col-50 elementor-top-column elementor-element elementor-element-675dcc20\" data-id=\"675dcc20\" data-element_type=\"column\">\n\t\t\t<div class=\"elementor-column-wrap elementor-element-populated\">\n\t\t\t\t\t\t\t<div class=\"elementor-widget-wrap\">\n\t\t\t\t\t\t<div class=\"elementor-element elementor-element-2f2b6a4f elementor-widget elementor-widget-image\" data-id=\"2f2b6a4f\" data-element_type=\"widget\" data-widget_type=\"image.default\">\n\t\t\t\t<div class=\"elementor-widget-container\">\n\t\t\t\t\t<div class=\"elementor-image\">\n\t\t\t\t\t\t\t\t\t\t<img width=\"512\" height=\"512\" src=\"https:\/\/kkik.hu\/study\/wp-content\/uploads\/2018\/04\/1470399594_Web_Design.png\" class=\"attachment-full size-full\" alt=\"\" decoding=\"async\" loading=\"lazy\" srcset=\"https:\/\/kkik.hu\/study\/wp-content\/uploads\/2018\/04\/1470399594_Web_Design.png 512w, https:\/\/kkik.hu\/study\/wp-content\/uploads\/2018\/04\/1470399594_Web_Design-150x150.png 150w, https:\/\/kkik.hu\/study\/wp-content\/uploads\/2018\/04\/1470399594_Web_Design-300x300.png 300w, https:\/\/kkik.hu\/study\/wp-content\/uploads\/2018\/04\/1470399594_Web_Design-768x768.png 768w, https:\/\/kkik.hu\/study\/wp-content\/uploads\/2018\/04\/1470399594_Web_Design-1024x1024.png 1024w, https:\/\/kkik.hu\/study\/wp-content\/uploads\/2018\/04\/1470399594_Web_Design-20x20.png 20w\" sizes=\"(max-width: 512px) 100vw, 512px\" data-attachment-id=\"296\" data-permalink=\"https:\/\/kkik.hu\/study\/1470399594_web_design-png\/\" data-orig-file=\"https:\/\/kkik.hu\/study\/wp-content\/uploads\/2018\/04\/1470399594_Web_Design.png\" data-orig-size=\"512,512\" data-comments-opened=\"1\" data-image-meta=\"{&quot;aperture&quot;:&quot;0&quot;,&quot;credit&quot;:&quot;&quot;,&quot;camera&quot;:&quot;&quot;,&quot;caption&quot;:&quot;&quot;,&quot;created_timestamp&quot;:&quot;0&quot;,&quot;copyright&quot;:&quot;&quot;,&quot;focal_length&quot;:&quot;0&quot;,&quot;iso&quot;:&quot;0&quot;,&quot;shutter_speed&quot;:&quot;0&quot;,&quot;title&quot;:&quot;&quot;,&quot;orientation&quot;:&quot;0&quot;}\" data-image-title=\"1470399594_Web_Design.png\" data-image-description=\"\" data-medium-file=\"https:\/\/kkik.hu\/study\/wp-content\/uploads\/2018\/04\/1470399594_Web_Design-300x300.png\" data-large-file=\"https:\/\/kkik.hu\/study\/wp-content\/uploads\/2018\/04\/1470399594_Web_Design-1024x1024.png\" \/>\t\t\t\t\t\t\t\t\t\t\t<\/div>\n\t\t\t\t<\/div>\n\t\t\t\t<\/div>\n\t\t\t\t\t\t<\/div>\n\t\t\t\t\t<\/div>\n\t\t<\/div>\n\t\t\t\t\t\t\t\t<\/div>\n\t\t\t\t\t<\/div>\n\t\t<\/section>\n\t\t\t\t<section class=\"elementor-section elementor-top-section elementor-element elementor-element-1602fe70 elementor-section-content-middle elementor-section-boxed elementor-section-height-default elementor-section-height-default\" data-id=\"1602fe70\" data-element_type=\"section\">\n\t\t\t\t\t\t<div class=\"elementor-container elementor-column-gap-no\">\n\t\t\t\t\t\t\t<div class=\"elementor-row\">\n\t\t\t\t\t<div class=\"elementor-column elementor-col-33 elementor-top-column elementor-element elementor-element-44f920ca\" data-id=\"44f920ca\" data-element_type=\"column\">\n\t\t\t<div class=\"elementor-column-wrap elementor-element-populated\">\n\t\t\t\t\t\t\t<div class=\"elementor-widget-wrap\">\n\t\t\t\t\t\t<div class=\"elementor-element elementor-element-35a0079f elementor-view-default elementor-position-top elementor-vertical-align-top elementor-widget elementor-widget-icon-box\" data-id=\"35a0079f\" data-element_type=\"widget\" data-widget_type=\"icon-box.default\">\n\t\t\t\t<div class=\"elementor-widget-container\">\n\t\t\t\t\t<div class=\"elementor-icon-box-wrapper\">\n\t\t\t\t\t\t<div class=\"elementor-icon-box-icon\">\n\t\t\t\t<span class=\"elementor-icon elementor-animation-\" >\n\t\t\t\t<i class=\"fa fa-pencil\" aria-hidden=\"true\"><\/i>\t\t\t\t<\/span>\n\t\t\t<\/div>\n\t\t\t\t\t\t<div class=\"elementor-icon-box-content\">\n\t\t\t\t<h3 class=\"elementor-icon-box-title\">\n\t\t\t\t\t<span ><\/span>\n\t\t\t\t<\/h3>\n\t\t\t\t\t\t\t\t<p class=\"elementor-icon-box-description\">The Technicum of Metallurgy and Mechanical Engineering was brought to life in Duna\u00fajv\u00e1ros in 1953, in order to supply the Danube Iron Works (Dunaferr Rt) with appropriate specialists.<\/p>\n\t\t\t\t\t\t\t<\/div>\n\t\t<\/div>\n\t\t\t\t<\/div>\n\t\t\t\t<\/div>\n\t\t\t\t<div class=\"elementor-element elementor-element-4120736c elementor-view-default elementor-position-top elementor-vertical-align-top elementor-widget elementor-widget-icon-box\" data-id=\"4120736c\" data-element_type=\"widget\" data-widget_type=\"icon-box.default\">\n\t\t\t\t<div class=\"elementor-widget-container\">\n\t\t\t\t\t<div class=\"elementor-icon-box-wrapper\">\n\t\t\t\t\t\t<div class=\"elementor-icon-box-icon\">\n\t\t\t\t<span class=\"elementor-icon elementor-animation-\" >\n\t\t\t\t<i class=\"fa fa-bullseye\" aria-hidden=\"true\"><\/i>\t\t\t\t<\/span>\n\t\t\t<\/div>\n\t\t\t\t\t\t<div class=\"elementor-icon-box-content\">\n\t\t\t\t<h3 class=\"elementor-icon-box-title\">\n\t\t\t\t\t<span ><\/span>\n\t\t\t\t<\/h3>\n\t\t\t\t\t\t\t\t<p class=\"elementor-icon-box-description\">The Faculty is renamed and expands its study range by economics, and in the following years by technical management, material engineering.\n<\/p>\n\t\t\t\t\t\t\t<\/div>\n\t\t<\/div>\n\t\t\t\t<\/div>\n\t\t\t\t<\/div>\n\t\t\t\t\t\t<\/div>\n\t\t\t\t\t<\/div>\n\t\t<\/div>\n\t\t\t\t<div class=\"elementor-column elementor-col-33 elementor-top-column elementor-element elementor-element-4c52879e\" data-id=\"4c52879e\" data-element_type=\"column\">\n\t\t\t<div class=\"elementor-column-wrap elementor-element-populated\">\n\t\t\t\t\t\t\t<div class=\"elementor-widget-wrap\">\n\t\t\t\t\t\t<div class=\"elementor-element elementor-element-57596344 elementor-widget elementor-widget-image\" data-id=\"57596344\" data-element_type=\"widget\" data-widget_type=\"image.default\">\n\t\t\t\t<div class=\"elementor-widget-container\">\n\t\t\t\t\t<div class=\"elementor-image\">\n\t\t\t\t\t\t\t\t\t\t<img width=\"720\" height=\"720\" src=\"https:\/\/kkik.hu\/study\/wp-content\/uploads\/2018\/05\/dona.png\" class=\"attachment-full size-full\" alt=\"\" decoding=\"async\" loading=\"lazy\" srcset=\"https:\/\/kkik.hu\/study\/wp-content\/uploads\/2018\/05\/dona.png 720w, https:\/\/kkik.hu\/study\/wp-content\/uploads\/2018\/05\/dona-150x150.png 150w, https:\/\/kkik.hu\/study\/wp-content\/uploads\/2018\/05\/dona-300x300.png 300w, https:\/\/kkik.hu\/study\/wp-content\/uploads\/2018\/05\/dona-768x768.png 768w, https:\/\/kkik.hu\/study\/wp-content\/uploads\/2018\/05\/dona-1024x1024.png 1024w, https:\/\/kkik.hu\/study\/wp-content\/uploads\/2018\/05\/dona-20x20.png 20w\" sizes=\"(max-width: 720px) 100vw, 720px\" data-attachment-id=\"1323\" data-permalink=\"https:\/\/kkik.hu\/study\/dona\/\" data-orig-file=\"https:\/\/kkik.hu\/study\/wp-content\/uploads\/2018\/05\/dona.png\" data-orig-size=\"720,720\" data-comments-opened=\"1\" data-image-meta=\"{&quot;aperture&quot;:&quot;0&quot;,&quot;credit&quot;:&quot;&quot;,&quot;camera&quot;:&quot;&quot;,&quot;caption&quot;:&quot;&quot;,&quot;created_timestamp&quot;:&quot;0&quot;,&quot;copyright&quot;:&quot;&quot;,&quot;focal_length&quot;:&quot;0&quot;,&quot;iso&quot;:&quot;0&quot;,&quot;shutter_speed&quot;:&quot;0&quot;,&quot;title&quot;:&quot;&quot;,&quot;orientation&quot;:&quot;0&quot;}\" data-image-title=\"dona\" data-image-description=\"\" data-medium-file=\"https:\/\/kkik.hu\/study\/wp-content\/uploads\/2018\/05\/dona-300x300.png\" data-large-file=\"https:\/\/kkik.hu\/study\/wp-content\/uploads\/2018\/05\/dona-1024x1024.png\" \/>\t\t\t\t\t\t\t\t\t\t\t<\/div>\n\t\t\t\t<\/div>\n\t\t\t\t<\/div>\n\t\t\t\t\t\t<\/div>\n\t\t\t\t\t<\/div>\n\t\t<\/div>\n\t\t\t\t<div class=\"elementor-column elementor-col-33 elementor-top-column elementor-element elementor-element-37998c14\" data-id=\"37998c14\" data-element_type=\"column\">\n\t\t\t<div class=\"elementor-column-wrap elementor-element-populated\">\n\t\t\t\t\t\t\t<div class=\"elementor-widget-wrap\">\n\t\t\t\t\t\t<div class=\"elementor-element elementor-element-7cb6de76 elementor-view-default elementor-position-top elementor-vertical-align-top elementor-widget elementor-widget-icon-box\" data-id=\"7cb6de76\" data-element_type=\"widget\" data-widget_type=\"icon-box.default\">\n\t\t\t\t<div class=\"elementor-widget-container\">\n\t\t\t\t\t<div class=\"elementor-icon-box-wrapper\">\n\t\t\t\t\t\t<div class=\"elementor-icon-box-icon\">\n\t\t\t\t<span class=\"elementor-icon elementor-animation-\" >\n\t\t\t\t<i class=\"fa fa-codepen\" aria-hidden=\"true\"><\/i>\t\t\t\t<\/span>\n\t\t\t<\/div>\n\t\t\t\t\t\t<div class=\"elementor-icon-box-content\">\n\t\t\t\t<h3 class=\"elementor-icon-box-title\">\n\t\t\t\t\t<span ><\/span>\n\t\t\t\t<\/h3>\n\t\t\t\t\t\t\t\t<p class=\"elementor-icon-box-description\">From the academic year 2006\/2007, by starting Engineering Business Management BSc course, the College opens its gate to international students.\n<\/p>\n\t\t\t\t\t\t\t<\/div>\n\t\t<\/div>\n\t\t\t\t<\/div>\n\t\t\t\t<\/div>\n\t\t\t\t\t\t<\/div>\n\t\t\t\t\t<\/div>\n\t\t<\/div>\n\t\t\t\t\t\t\t\t<\/div>\n\t\t\t\t\t<\/div>\n\t\t<\/section>\n\t\t\t\t\t\t<\/div>\n\t\t\t\t\t\t<\/div>\n\t\t\t\t\t<\/div>\n\t\t","protected":false},"excerpt":{"rendered":"<p>University of Duna\u00fajv\u00e1ros The institution becomes an in &hellip;<\/p>\n<p class=\"read-more\"> <a class=\"\" href=\"https:\/\/kkik.hu\/study\/dunaujvaros-en\/\"> <span class=\"screen-reader-text\">STUDY IN HUNGARY-English#Duna\u00fajv\u00e1ros<\/span> \u67e5\u770b\u5168\u6587 &raquo;<\/a><\/p>\n","protected":false},"author":3,"featured_media":0,"parent":0,"menu_order":0,"comment_status":"closed","ping_status":"closed","template":"","meta":{"_monsterinsights_skip_tracking":false,"_monsterinsights_sitenote_active":false,"_monsterinsights_sitenote_note":"","_monsterinsights_sitenote_category":0,"spay_email":""},"jetpack-related-posts":[{"id":872,"url":"https:\/\/kkik.hu\/study\/","url_meta":{"origin":1348,"position":0},"title":"STUDY IN HUNGARY","date":"2018-04-20","format":false,"excerpt":"STUDY IN HUNGARY Hungary\u2019s higher education has gr\u2026","rel":"","context":"\u7c7b\u4f3c\u6587\u7ae0","img":{"alt_text":"","src":"https:\/\/i0.wp.com\/kkik.hu\/study\/wp-content\/uploads\/2018\/05\/13092Q10A4-14-4.jpg?resize=350%2C200&ssl=1","width":350,"height":200},"classes":[]}],"jetpack_shortlink":"https:\/\/wp.me\/P9V5h9-lK","_links":{"self":[{"href":"https:\/\/kkik.hu\/study\/wp-json\/wp\/v2\/pages\/1348"}],"collection":[{"href":"https:\/\/kkik.hu\/study\/wp-json\/wp\/v2\/pages"}],"about":[{"href":"https:\/\/kkik.hu\/study\/wp-json\/wp\/v2\/types\/page"}],"author":[{"embeddable":true,"href":"https:\/\/kkik.hu\/study\/wp-json\/wp\/v2\/users\/3"}],"replies":[{"embeddable":true,"href":"https:\/\/kkik.hu\/study\/wp-json\/wp\/v2\/comments?post=1348"}],"version-history":[{"count":0,"href":"https:\/\/kkik.hu\/study\/wp-json\/wp\/v2\/pages\/1348\/revisions"}],"wp:attachment":[{"href":"https:\/\/kkik.hu\/study\/wp-json\/wp\/v2\/media?parent=1348"}],"curies":[{"name":"wp","href":"https:\/\/api.w.org\/{rel}","templated":true}]}}