{"id":1812,"date":"2018-05-14T16:40:10","date_gmt":"2018-05-14T14:40:10","guid":{"rendered":"https:\/\/kkik.hu\/study\/?page_id=1812"},"modified":"2018-05-15T10:00:19","modified_gmt":"2018-05-15T08:00:19","slug":"about-us","status":"publish","type":"page","link":"https:\/\/kkik.hu\/study\/zh\/about-us\/","title":{"rendered":"STUDY IN HUNGARY #About Us"},"content":{"rendered":"\t\t<div data-elementor-type=\"wp-post\" data-elementor-id=\"1812\" class=\"elementor elementor-1812 elementor-bc-flex-widget\" data-elementor-settings=\"[]\">\n\t\t\t\t\t\t<div class=\"elementor-inner\">\n\t\t\t\t\t\t\t<div class=\"elementor-section-wrap\">\n\t\t\t\t\t\t\t<section class=\"elementor-section elementor-top-section elementor-element elementor-element-33b6ccff elementor-section-boxed elementor-section-height-default elementor-section-height-default\" data-id=\"33b6ccff\" data-element_type=\"section\" data-settings=\"{&quot;background_background&quot;:&quot;classic&quot;,&quot;shape_divider_bottom&quot;:&quot;curve&quot;,&quot;shape_divider_bottom_negative&quot;:&quot;yes&quot;}\">\n\t\t\t\t\t\t\t<div class=\"elementor-background-overlay\"><\/div>\n\t\t\t\t\t\t<div class=\"elementor-shape elementor-shape-bottom\" data-negative=\"true\">\n\t\t\t<svg xmlns=\"http:\/\/www.w3.org\/2000\/svg\" viewBox=\"0 0 1000 100\" preserveAspectRatio=\"none\">\n\t<path class=\"elementor-shape-fill\" d=\"M500,97C126.7,96.3,0.8,19.8,0,0v100l1000,0V1C1000,19.4,873.3,97.8,500,97z\"\/>\n<\/svg>\t\t<\/div>\n\t\t\t\t\t<div class=\"elementor-container elementor-column-gap-default\">\n\t\t\t\t\t\t\t<div class=\"elementor-row\">\n\t\t\t\t\t<div class=\"elementor-column elementor-col-100 elementor-top-column elementor-element elementor-element-170f7be0\" data-id=\"170f7be0\" data-element_type=\"column\">\n\t\t\t<div class=\"elementor-column-wrap elementor-element-populated\">\n\t\t\t\t\t\t\t<div class=\"elementor-widget-wrap\">\n\t\t\t\t\t\t<div class=\"elementor-element elementor-element-56ce9ab3 elementor-widget elementor-widget-heading\" data-id=\"56ce9ab3\" data-element_type=\"widget\" data-widget_type=\"heading.default\">\n\t\t\t\t<div class=\"elementor-widget-container\">\n\t\t\t<h2 class=\"elementor-heading-title elementor-size-default\">\u5173 \u4e8e \u6211 \u4eec <\/h2>\t\t<\/div>\n\t\t\t\t<\/div>\n\t\t\t\t<div class=\"elementor-element elementor-element-16fa0ff4 elementor-widget-divider--view-line elementor-widget elementor-widget-divider\" data-id=\"16fa0ff4\" data-element_type=\"widget\" data-widget_type=\"divider.default\">\n\t\t\t\t<div class=\"elementor-widget-container\">\n\t\t\t\t\t<div class=\"elementor-divider\">\n\t\t\t<span class=\"elementor-divider-separator\">\n\t\t\t\t\t\t<\/span>\n\t\t<\/div>\n\t\t\t\t<\/div>\n\t\t\t\t<\/div>\n\t\t\t\t<section class=\"elementor-section elementor-inner-section elementor-element elementor-element-ea09c91 elementor-section-boxed elementor-section-height-default elementor-section-height-default\" data-id=\"ea09c91\" data-element_type=\"section\">\n\t\t\t\t\t\t<div class=\"elementor-container elementor-column-gap-default\">\n\t\t\t\t\t\t\t<div class=\"elementor-row\">\n\t\t\t\t\t<div class=\"elementor-column elementor-col-33 elementor-inner-column elementor-element elementor-element-e6a094c\" data-id=\"e6a094c\" data-element_type=\"column\">\n\t\t\t<div class=\"elementor-column-wrap\">\n\t\t\t\t\t\t\t<div class=\"elementor-widget-wrap\">\n\t\t\t\t\t\t\t\t<\/div>\n\t\t\t\t\t<\/div>\n\t\t<\/div>\n\t\t\t\t<div class=\"elementor-column elementor-col-33 elementor-inner-column elementor-element elementor-element-1cc3ce3\" data-id=\"1cc3ce3\" data-element_type=\"column\">\n\t\t\t<div class=\"elementor-column-wrap elementor-element-populated\">\n\t\t\t\t\t\t\t<div class=\"elementor-widget-wrap\">\n\t\t\t\t\t\t<div class=\"elementor-element elementor-element-aabcf86 elementor-widget elementor-widget-image\" data-id=\"aabcf86\" data-element_type=\"widget\" data-widget_type=\"image.default\">\n\t\t\t\t<div class=\"elementor-widget-container\">\n\t\t\t\t\t<div class=\"elementor-image\">\n\t\t\t\t\t\t\t\t\t\t<img decoding=\"async\" src=\"https:\/\/kkik.hu\/study\/wp-content\/uploads\/2018\/04\/logokkikAzkkdI.png\" title=\"\" alt=\"\" \/>\t\t\t\t\t\t\t\t\t\t\t<\/div>\n\t\t\t\t<\/div>\n\t\t\t\t<\/div>\n\t\t\t\t\t\t<\/div>\n\t\t\t\t\t<\/div>\n\t\t<\/div>\n\t\t\t\t<div class=\"elementor-column elementor-col-33 elementor-inner-column elementor-element elementor-element-e457ef5\" data-id=\"e457ef5\" data-element_type=\"column\">\n\t\t\t<div class=\"elementor-column-wrap\">\n\t\t\t\t\t\t\t<div class=\"elementor-widget-wrap\">\n\t\t\t\t\t\t\t\t<\/div>\n\t\t\t\t\t<\/div>\n\t\t<\/div>\n\t\t\t\t\t\t\t\t<\/div>\n\t\t\t\t\t<\/div>\n\t\t<\/section>\n\t\t\t\t<div class=\"elementor-element elementor-element-438ba120 elementor-widget elementor-widget-text-editor\" data-id=\"438ba120\" data-element_type=\"widget\" data-widget_type=\"text-editor.default\">\n\t\t\t\t<div class=\"elementor-widget-container\">\n\t\t\t\t\t<div class=\"elementor-text-editor elementor-clearfix\"><\/div>\n\t\t\t\t<\/div>\n\t\t\t\t<\/div>\n\t\t\t\t\t\t<\/div>\n\t\t\t\t\t<\/div>\n\t\t<\/div>\n\t\t\t\t\t\t\t\t<\/div>\n\t\t\t\t\t<\/div>\n\t\t<\/section>\n\t\t\t\t<section class=\"elementor-section elementor-top-section elementor-element elementor-element-18e86bcc elementor-section-boxed elementor-section-height-default elementor-section-height-default\" data-id=\"18e86bcc\" data-element_type=\"section\">\n\t\t\t\t\t\t<div class=\"elementor-container elementor-column-gap-wide\">\n\t\t\t\t\t\t\t<div class=\"elementor-row\">\n\t\t\t\t\t<div class=\"elementor-column elementor-col-33 elementor-top-column elementor-element elementor-element-75ab26f3\" data-id=\"75ab26f3\" data-element_type=\"column\">\n\t\t\t<div class=\"elementor-column-wrap elementor-element-populated\">\n\t\t\t\t\t\t\t<div class=\"elementor-widget-wrap\">\n\t\t\t\t\t\t<div class=\"elementor-element elementor-element-d7d8d2 elementor-view-default elementor-position-top elementor-vertical-align-top elementor-widget elementor-widget-icon-box\" data-id=\"d7d8d2\" data-element_type=\"widget\" data-widget_type=\"icon-box.default\">\n\t\t\t\t<div class=\"elementor-widget-container\">\n\t\t\t\t\t<div class=\"elementor-icon-box-wrapper\">\n\t\t\t\t\t\t<div class=\"elementor-icon-box-icon\">\n\t\t\t\t<span class=\"elementor-icon elementor-animation-\" >\n\t\t\t\t<i class=\"fa fa-flag-o\" aria-hidden=\"true\"><\/i>\t\t\t\t<\/span>\n\t\t\t<\/div>\n\t\t\t\t\t\t<div class=\"elementor-icon-box-content\">\n\t\t\t\t<h3 class=\"elementor-icon-box-title\">\n\t\t\t\t\t<span ><\/span>\n\t\t\t\t<\/h3>\n\t\t\t\t\t\t\t\t<p class=\"elementor-icon-box-description\">\u4e2d\u56fd\u8d38\u6613\u6d88\u606f\u4e2d\u5fc3\u6210\u7acb\u4e8e1998\u5e74\u3002\u5176\u7531\u6570\u4f4d\u4e2d\u56fd\u6295\u8d44\u8005\u521b\u59cb\u3002\u516c\u53f8\u6210\u7acb\u7684\u76ee\u6807\u662f\u4e3a\u63a8\u8fdb\u4e2d\u5308\u53cc\u8fb9\u8d38\u6613\n\u548c\u6587\u5316\u7684\u53d1\u5c55\uff0c\u5728\u8d38\u6613\u4e0a\u5bfb\u6c42\u4f19\u4f34\u4e00\u540c\u5f00\u62d3\u65b0\u7684\u5e02\u573a\u4ece\u800c\u8fbe\u5230\u53cc\u8d62\u7684\u7ed3\u679c\u3002\u76ee\u524d\uff0c\u6211\u4eec\u5728\u5e03\u8fbe\u4f69\u65af\uff0c\n\u5317\u4eac\uff0c\u5357\u4eac\uff0c\u4e0a\u6d77\uff0c\u5929\u6d25\u7b49\u5730\u90fd\u6709\u957f\u9a7b\u529e\u516c\u5ba4\u3002\u81ea\u521b\u59cb\u8d77\uff0c\u6211\u4eec\u4fbf\u4e00\u76f4\u52aa\u529b\u7684\u5de5\u4f5c\u4e3a\u4e86\u5e26\u9886\u66f4\u591a\u7684\u4e2d\n\u56fd\u4f01\u4e1a\u8ba4\u8bc6\u5e76\u8fdb\u5165\u5308\u7259\u5229\u53ca\u6b27\u76df\u5e02\u573a\uff0c\u540c\u65f6\u534f\u52a9\u5308\u7259\u5229\u7684\u5408\u4f5c\u4f19\u4f34\u8fdb\u5165\u4e2d\u56fd\u7684\u5e02\u573a\u3002<\/p>\n\t\t\t\t\t\t\t<\/div>\n\t\t<\/div>\n\t\t\t\t<\/div>\n\t\t\t\t<\/div>\n\t\t\t\t\t\t<\/div>\n\t\t\t\t\t<\/div>\n\t\t<\/div>\n\t\t\t\t<div class=\"elementor-column elementor-col-33 elementor-top-column elementor-element elementor-element-3dd7157e\" data-id=\"3dd7157e\" data-element_type=\"column\">\n\t\t\t<div class=\"elementor-column-wrap elementor-element-populated\">\n\t\t\t\t\t\t\t<div class=\"elementor-widget-wrap\">\n\t\t\t\t\t\t<div class=\"elementor-element elementor-element-32b0d942 elementor-view-default elementor-position-top elementor-vertical-align-top elementor-widget elementor-widget-icon-box\" data-id=\"32b0d942\" data-element_type=\"widget\" data-widget_type=\"icon-box.default\">\n\t\t\t\t<div class=\"elementor-widget-container\">\n\t\t\t\t\t<div class=\"elementor-icon-box-wrapper\">\n\t\t\t\t\t\t<div class=\"elementor-icon-box-icon\">\n\t\t\t\t<span class=\"elementor-icon elementor-animation-\" >\n\t\t\t\t<i class=\"fa fa-id-badge\" aria-hidden=\"true\"><\/i>\t\t\t\t<\/span>\n\t\t\t<\/div>\n\t\t\t\t\t\t<div class=\"elementor-icon-box-content\">\n\t\t\t\t<h3 class=\"elementor-icon-box-title\">\n\t\t\t\t\t<span ><\/span>\n\t\t\t\t<\/h3>\n\t\t\t\t\t\t\t\t<p class=\"elementor-icon-box-description\">\u5176\u95f4\uff0c\u6211\u4eec\u5728\u5efa\u7b51\uff0c\u533b\u5b66\uff0c\u98df\u54c1\u7b49\u884c\u4e1a\u6211\u4eec\u6709\u7740\u6210\u529f\u7684\u6848\u5217\u3002\u6211\u4eec\u662f\u5308\u7259\u5229\u5546\u4f1a\u53ca\u5e03\u8fbe\u4f69\u65af\u5546\u4f1a\u7684\n\u4f1a\u5458\u3002\u4e5f\u662f\u6b27\u6d32\u534e\u4eba\u5546\u4f1a\u7684\u7406\u4e8b\u6210\u5458\u3002\n\u6211\u4eec\u4e5f\u4e00\u76f4\u5341\u5206\u6ce8\u91cd\u4e2d\u5308\u7ecf\u6d4e\u6587\u5316\u7684\u4e92\u52a8\u3002\u5982\uff0c2017\u5e74\u6211\u4eec\u5e2e\u52a9\u8fde\u63a5\u4e86\u4e2d\u56fd\u897f\u5b81\u5e02\u548c\u5308\u7259\u5229\nAlbertirsa\u5e02\u6210\u4e3a\u59d0\u59b9\u57ce\u5e02\uff0c\u5e76\u8363\u5e78\u7684\u88ab\u59d4\u4efb\u4e3a\u4e2d\u56fd\u897f\u5b81\u5e02\u4f4f\u5308\u7259\u5229\u7684\u5546\u52a1\u4ee3\u8868\u5904\u3002<\/p>\n\t\t\t\t\t\t\t<\/div>\n\t\t<\/div>\n\t\t\t\t<\/div>\n\t\t\t\t<\/div>\n\t\t\t\t\t\t<\/div>\n\t\t\t\t\t<\/div>\n\t\t<\/div>\n\t\t\t\t<div class=\"elementor-column elementor-col-33 elementor-top-column elementor-element elementor-element-70d87812\" data-id=\"70d87812\" data-element_type=\"column\">\n\t\t\t<div class=\"elementor-column-wrap elementor-element-populated\">\n\t\t\t\t\t\t\t<div class=\"elementor-widget-wrap\">\n\t\t\t\t\t\t<div class=\"elementor-element elementor-element-246bbe8a elementor-view-default elementor-position-top elementor-vertical-align-top elementor-widget elementor-widget-icon-box\" data-id=\"246bbe8a\" data-element_type=\"widget\" data-widget_type=\"icon-box.default\">\n\t\t\t\t<div class=\"elementor-widget-container\">\n\t\t\t\t\t<div class=\"elementor-icon-box-wrapper\">\n\t\t\t\t\t\t<div class=\"elementor-icon-box-icon\">\n\t\t\t\t<span class=\"elementor-icon elementor-animation-\" >\n\t\t\t\t<i class=\"fa fa-gift\" aria-hidden=\"true\"><\/i>\t\t\t\t<\/span>\n\t\t\t<\/div>\n\t\t\t\t\t\t<div class=\"elementor-icon-box-content\">\n\t\t\t\t<h3 class=\"elementor-icon-box-title\">\n\t\t\t\t\t<span ><\/span>\n\t\t\t\t<\/h3>\n\t\t\t\t\t\t\t\t<p class=\"elementor-icon-box-description\">\u76ee\u524d\uff0c\u6211\u4eec\u770b\u5230\u4e86\u4e2d\u56fd\u5927\u5b66\u751f\u5bf9\u51fa\u56fd\u7559\u5b66\u7684\u9700\u6c42\u3002\u6211\u4eec\u60f3\u501f\u7740\u6211\u4eec\u63d0\u4f9b\u7684\u7559\u5b66\u670d\u52a1\u8ba9\u66f4\u591a\u7684\u5b66\u5b50\u80fd\n\u591f\u4e86\u89e3\u5308\u7259\u5229\u4ee5\u53ca\u6b27\u6d32\u7559\u5b66\u7684\u4fe1\u606f\u3002\u5308\u7259\u5229\u4e0d\u4ec5\u6709\u7740\u9ad8\u6c34\u5e73\u7684\u6559\u5b66\u8d28\u91cf\u548c\u4f18\u79c0\u5e08\u8d44\uff0c\u5b83\u7684\u751f\u6d3b\u8d28\u91cf\u548c\n\u65e5\u5e38\u5f00\u9500\u4e0e\u6b27\u6d32\u76f8\u5bf9\u6bd4\u8f83\u4f4e\u7684\u3002\u5308\u7259\u5229\u6709\u7740\u60a0\u4e45\u7684\u4eba\u6587\u5386\u53f2\u548c\u7f8e\u4e3d\u7684\u73af\u5883\u3002\u5b83\u7684\u9996\u90fd\u5e03\u8fbe\u4f69\u65af\u66f4\u662f\u4eab\n\u6709\u7740\u201c\u4e1c\u6b27\u5df4\u9ece\u201d \u548c \u201c\u591a\u7459\u6cb3\u660e\u73e0\u201d \u7684\u7f8e\u79f0\u3002\n\u6211\u4eec\u7684\u76ee\u6807\u662f\u6210\u4e3a\u4e2d\u56fd\u5927\u5b66\u751f\u4e0e\u8fdb\u5165\u5308\u7259\u5229\u7684\u6865\u6881\u3002\u6211\u4eec\u5df2\u51c6\u5907\u597d\u4e86\u5e2e\u52a9\u60a8-\u8e0f\u8fdb\u6b27\u6d32\u7559\u5b66\uff0c\u6539\u53d8\u60a8\u4eba\n\u751f\u7ecf\u5386\u7684\u7b2c\u4e00\u6b65\uff01<\/p>\n\t\t\t\t\t\t\t<\/div>\n\t\t<\/div>\n\t\t\t\t<\/div>\n\t\t\t\t<\/div>\n\t\t\t\t\t\t<\/div>\n\t\t\t\t\t<\/div>\n\t\t<\/div>\n\t\t\t\t\t\t\t\t<\/div>\n\t\t\t\t\t<\/div>\n\t\t<\/section>\n\t\t\t\t<section class=\"elementor-section elementor-top-section elementor-element elementor-element-2f1f1f3d elementor-section-boxed elementor-section-height-default elementor-section-height-default\" data-id=\"2f1f1f3d\" data-element_type=\"section\" data-settings=\"{&quot;background_background&quot;:&quot;classic&quot;,&quot;shape_divider_top&quot;:&quot;curve&quot;,&quot;shape_divider_top_negative&quot;:&quot;yes&quot;}\">\n\t\t\t\t\t\t\t<div class=\"elementor-background-overlay\"><\/div>\n\t\t\t\t\t\t<div class=\"elementor-shape elementor-shape-top\" data-negative=\"true\">\n\t\t\t<svg xmlns=\"http:\/\/www.w3.org\/2000\/svg\" viewBox=\"0 0 1000 100\" preserveAspectRatio=\"none\">\n\t<path class=\"elementor-shape-fill\" d=\"M500,97C126.7,96.3,0.8,19.8,0,0v100l1000,0V1C1000,19.4,873.3,97.8,500,97z\"\/>\n<\/svg>\t\t<\/div>\n\t\t\t\t\t<div class=\"elementor-container elementor-column-gap-default\">\n\t\t\t\t\t\t\t<div class=\"elementor-row\">\n\t\t\t\t\t<div class=\"elementor-column elementor-col-100 elementor-top-column elementor-element elementor-element-5718e103\" data-id=\"5718e103\" data-element_type=\"column\">\n\t\t\t<div class=\"elementor-column-wrap elementor-element-populated\">\n\t\t\t\t\t\t\t<div class=\"elementor-widget-wrap\">\n\t\t\t\t\t\t<div class=\"elementor-element elementor-element-fc90ded elementor-widget elementor-widget-image\" data-id=\"fc90ded\" data-element_type=\"widget\" data-widget_type=\"image.default\">\n\t\t\t\t<div class=\"elementor-widget-container\">\n\t\t\t\t\t<div class=\"elementor-image\">\n\t\t\t\t\t\t\t\t\t\t<img width=\"1920\" height=\"1200\" src=\"https:\/\/kkik.hu\/study\/wp-content\/uploads\/2018\/05\/13092Q10A4-25.jpg\" class=\"attachment-full size-full\" alt=\"\" decoding=\"async\" loading=\"lazy\" srcset=\"https:\/\/kkik.hu\/study\/wp-content\/uploads\/2018\/05\/13092Q10A4-25.jpg 1920w, https:\/\/kkik.hu\/study\/wp-content\/uploads\/2018\/05\/13092Q10A4-25-768x480.jpg 768w\" sizes=\"(max-width: 1920px) 100vw, 1920px\" data-attachment-id=\"1827\" data-permalink=\"https:\/\/kkik.hu\/study\/13092q10a4-25\/\" data-orig-file=\"https:\/\/kkik.hu\/study\/wp-content\/uploads\/2018\/05\/13092Q10A4-25.jpg\" data-orig-size=\"1920,1200\" data-comments-opened=\"1\" data-image-meta=\"{&quot;aperture&quot;:&quot;0&quot;,&quot;credit&quot;:&quot;&quot;,&quot;camera&quot;:&quot;&quot;,&quot;caption&quot;:&quot;&quot;,&quot;created_timestamp&quot;:&quot;0&quot;,&quot;copyright&quot;:&quot;&quot;,&quot;focal_length&quot;:&quot;0&quot;,&quot;iso&quot;:&quot;0&quot;,&quot;shutter_speed&quot;:&quot;0&quot;,&quot;title&quot;:&quot;&quot;,&quot;orientation&quot;:&quot;0&quot;}\" data-image-title=\"13092Q10A4-25\" data-image-description=\"\" data-medium-file=\"https:\/\/kkik.hu\/study\/wp-content\/uploads\/2018\/05\/13092Q10A4-25-300x300.jpg\" data-large-file=\"https:\/\/kkik.hu\/study\/wp-content\/uploads\/2018\/05\/13092Q10A4-25-1024x1024.jpg\" \/>\t\t\t\t\t\t\t\t\t\t\t<\/div>\n\t\t\t\t<\/div>\n\t\t\t\t<\/div>\n\t\t\t\t\t\t<\/div>\n\t\t\t\t\t<\/div>\n\t\t<\/div>\n\t\t\t\t\t\t\t\t<\/div>\n\t\t\t\t\t<\/div>\n\t\t<\/section>\n\t\t\t\t\t\t<\/div>\n\t\t\t\t\t\t<\/div>\n\t\t\t\t\t<\/div>\n\t\t","protected":false},"excerpt":{"rendered":"<p>\u5173 \u4e8e \u6211 \u4eec \u4e2d\u56fd\u8d38\u6613\u6d88\u606f\u4e2d\u5fc3\u6210\u7acb\u4e8e1998\u5e74\u3002\u5176\u7531\u6570\u4f4d\u4e2d\u56fd\u6295\u8d44\u8005\u521b\u59cb\u3002\u516c\u53f8\u6210\u7acb\u7684\u76ee\u6807\u662f\u4e3a\u63a8\u8fdb\u4e2d\u5308\u53cc\u8fb9\u8d38\u6613  &hellip;<\/p>\n<p class=\"read-more\"> <a class=\"\" href=\"https:\/\/kkik.hu\/study\/zh\/about-us\/\"> <span class=\"screen-reader-text\">STUDY IN HUNGARY #About Us<\/span> \u67e5\u770b\u5168\u6587 &raquo;<\/a><\/p>\n","protected":false},"author":3,"featured_media":0,"parent":0,"menu_order":0,"comment_status":"closed","ping_status":"closed","template":"","meta":{"_monsterinsights_skip_tracking":false,"_monsterinsights_sitenote_active":false,"_monsterinsights_sitenote_note":"","_monsterinsights_sitenote_category":0,"spay_email":""},"jetpack-related-posts":[{"id":98,"url":"https:\/\/kkik.hu\/study\/zh\/","url_meta":{"origin":1812,"position":0},"title":"\u7559\u5b66\u5308\u7259\u5229","date":"2018-04-05","format":false,"excerpt":"\u7559 \u5b66 \u5308 \u7259 \u5229 \u7559\u5b66\u4f18\u52bf \u5308\u7259\u5229\u7684\u9ad8\u7b49\u6559\u80b2\u4eab\u8a89\u5168\u7403 (\u5168\u4e16\u754c\u6392\u5217\u4e0a500-1000\u540d\uff0c\u5168\u6b27\u6d32\u6700\u597d\u2026","rel":"","context":"\u7c7b\u4f3c\u6587\u7ae0","img":{"alt_text":"","src":"https:\/\/i0.wp.com\/kkik.hu\/study\/wp-content\/uploads\/2018\/05\/0\u526f\u672c.jpg?resize=350%2C200&ssl=1","width":350,"height":200},"classes":[]},{"id":2201,"url":"https:\/\/kkik.hu\/study\/zh\/corvinus\/","url_meta":{"origin":1812,"position":1},"title":"STUDY IN HUNGARY#Corvinus","date":"2018-05-16","format":false,"excerpt":"Corvinus university of Budapest \u5e03\u8fbe\u4f69\u65af\u8003\u6587\u7ebd\u65af\u5927\u5b66 \u5730\u4f4d \u8003\u6587\u7ebd\u65af\u2026","rel":"","context":"\u7c7b\u4f3c\u6587\u7ae0","img":{"alt_text":"","src":"https:\/\/i1.wp.com\/kkik.hu\/study\/wp-content\/uploads\/2018\/04\/1470399607_Illustration.png?resize=350%2C200&ssl=1","width":350,"height":200},"classes":[]},{"id":411,"url":"https:\/\/kkik.hu\/study\/zh\/debrece\/","url_meta":{"origin":1812,"position":2},"title":"STUDY IN HUNGARY#Debrece","date":"2018-04-14","format":false,"excerpt":"Debreceni Egyetem \u5fb7\u5e03\u52d2\u68ee\u7efc\u5408\u5927\u5b66 \u6982\u51b5 \u5fb7\u5e03\u52d2\u68ee\u5927\u5b66\u4f4d\u4e8e\u5fb7\u5e03\u52d2\u68ee\uff0c\u5176\u5386\u53f2\u53ef\u5411\u524d\u8ffd\u2026","rel":"","context":"\u7c7b\u4f3c\u6587\u7ae0","img":{"alt_text":"","src":"https:\/\/i1.wp.com\/kkik.hu\/study\/wp-content\/uploads\/2018\/04\/1470399607_Illustration.png?resize=350%2C200&ssl=1","width":350,"height":200},"classes":[]},{"id":1321,"url":"https:\/\/kkik.hu\/study\/zh\/dunaujvaros\/","url_meta":{"origin":1812,"position":3},"title":"STUDY IN HUNGARY#Duna\u00fajv\u00e1ros","date":"2018-05-07","format":false,"excerpt":"University of Duna\u00fajv\u00e1ros \u591a\u7459\u65b0\u57ce\u5927\u5b66 \u6982\u51b5 \u591a\u7459\u65b0\u57ce\u5927\u5b66\u5750\u843d\u4e8e\u591a\u7459\u65b0\u57ce\uff0c\u2026","rel":"","context":"\u7c7b\u4f3c\u6587\u7ae0","img":{"alt_text":"","src":"https:\/\/i1.wp.com\/kkik.hu\/study\/wp-content\/uploads\/2018\/04\/1470399607_Illustration.png?resize=350%2C200&ssl=1","width":350,"height":200},"classes":[]},{"id":511,"url":"https:\/\/kkik.hu\/study\/zh\/muszaki\/","url_meta":{"origin":1812,"position":4},"title":"STUDY IN HUNGARY#Muszaki","date":"2018-04-15","format":false,"excerpt":"budapesti m\u0171szaki \u00e9s gazdas\u00e1gtudom\u00e1nyi egyetem \u5e03\u8fbe\u4f69\u2026","rel":"","context":"\u7c7b\u4f3c\u6587\u7ae0","img":{"alt_text":"","src":"https:\/\/i1.wp.com\/kkik.hu\/study\/wp-content\/uploads\/2018\/04\/1470399607_Illustration.png?resize=350%2C200&ssl=1","width":350,"height":200},"classes":[]},{"id":241,"url":"https:\/\/kkik.hu\/study\/zh\/lorand\/","url_meta":{"origin":1812,"position":5},"title":"STUDY IN HUNGARY #Lor\u00e1nd","date":"2018-04-12","format":false,"excerpt":"E\u00f6tv\u00f6s Lor\u00e1nd Tudom\u00e1nyegyetem \u7f57 \u5170 \u5927 \u5b66 \u6982\u51b5 \u5308\u7259\u5229\u7f57\u5170\u5927\u5b66\u5904\u5728\u2026","rel":"","context":"\u7c7b\u4f3c\u6587\u7ae0","img":{"alt_text":"","src":"https:\/\/i2.wp.com\/kkik.hu\/study\/wp-content\/uploads\/2018\/04\/1470399594_Web_Design.png?resize=350%2C200&ssl=1","width":350,"height":200},"classes":[]}],"jetpack_shortlink":"https:\/\/wp.me\/P9V5h9-te","_links":{"self":[{"href":"https:\/\/kkik.hu\/study\/wp-json\/wp\/v2\/pages\/1812"}],"collection":[{"href":"https:\/\/kkik.hu\/study\/wp-json\/wp\/v2\/pages"}],"about":[{"href":"https:\/\/kkik.hu\/study\/wp-json\/wp\/v2\/types\/page"}],"author":[{"embeddable":true,"href":"https:\/\/kkik.hu\/study\/wp-json\/wp\/v2\/users\/3"}],"replies":[{"embeddable":true,"href":"https:\/\/kkik.hu\/study\/wp-json\/wp\/v2\/comments?post=1812"}],"version-history":[{"count":0,"href":"https:\/\/kkik.hu\/study\/wp-json\/wp\/v2\/pages\/1812\/revisions"}],"wp:attachment":[{"href":"https:\/\/kkik.hu\/study\/wp-json\/wp\/v2\/media?parent=1812"}],"curies":[{"name":"wp","href":"https:\/\/api.w.org\/{rel}","templated":true}]}}