{"id":1813,"date":"2018-05-14T16:31:23","date_gmt":"2018-05-14T14:31:23","guid":{"rendered":"https:\/\/kkik.hu\/study\/?page_id=1813"},"modified":"2018-05-15T10:03:23","modified_gmt":"2018-05-15T08:03:23","slug":"about-us-en","status":"publish","type":"page","link":"https:\/\/kkik.hu\/study\/about-us-en\/","title":{"rendered":"STUDY IN HUNGARY-English#About Us"},"content":{"rendered":"\t\t<div data-elementor-type=\"wp-post\" data-elementor-id=\"1813\" class=\"elementor elementor-1813 elementor-bc-flex-widget\" data-elementor-settings=\"[]\">\n\t\t\t\t\t\t<div class=\"elementor-inner\">\n\t\t\t\t\t\t\t<div class=\"elementor-section-wrap\">\n\t\t\t\t\t\t\t<section class=\"elementor-section elementor-top-section elementor-element elementor-element-4ade48e1 elementor-section-boxed elementor-section-height-default elementor-section-height-default\" data-id=\"4ade48e1\" data-element_type=\"section\" data-settings=\"{&quot;background_background&quot;:&quot;classic&quot;,&quot;shape_divider_bottom&quot;:&quot;curve&quot;,&quot;shape_divider_bottom_negative&quot;:&quot;yes&quot;}\">\n\t\t\t\t\t\t\t<div class=\"elementor-background-overlay\"><\/div>\n\t\t\t\t\t\t<div class=\"elementor-shape elementor-shape-bottom\" data-negative=\"true\">\n\t\t\t<svg xmlns=\"http:\/\/www.w3.org\/2000\/svg\" viewBox=\"0 0 1000 100\" preserveAspectRatio=\"none\">\n\t<path class=\"elementor-shape-fill\" d=\"M500,97C126.7,96.3,0.8,19.8,0,0v100l1000,0V1C1000,19.4,873.3,97.8,500,97z\"\/>\n<\/svg>\t\t<\/div>\n\t\t\t\t\t<div class=\"elementor-container elementor-column-gap-default\">\n\t\t\t\t\t\t\t<div class=\"elementor-row\">\n\t\t\t\t\t<div class=\"elementor-column elementor-col-100 elementor-top-column elementor-element elementor-element-5a91a5f\" data-id=\"5a91a5f\" data-element_type=\"column\">\n\t\t\t<div class=\"elementor-column-wrap elementor-element-populated\">\n\t\t\t\t\t\t\t<div class=\"elementor-widget-wrap\">\n\t\t\t\t\t\t<div class=\"elementor-element elementor-element-66220c1 elementor-widget elementor-widget-heading\" data-id=\"66220c1\" data-element_type=\"widget\" data-widget_type=\"heading.default\">\n\t\t\t\t<div class=\"elementor-widget-container\">\n\t\t\t<h2 class=\"elementor-heading-title elementor-size-default\">About Us<\/h2>\t\t<\/div>\n\t\t\t\t<\/div>\n\t\t\t\t<div class=\"elementor-element elementor-element-68a80a08 elementor-widget-divider--view-line elementor-widget elementor-widget-divider\" data-id=\"68a80a08\" data-element_type=\"widget\" data-widget_type=\"divider.default\">\n\t\t\t\t<div class=\"elementor-widget-container\">\n\t\t\t\t\t<div class=\"elementor-divider\">\n\t\t\t<span class=\"elementor-divider-separator\">\n\t\t\t\t\t\t<\/span>\n\t\t<\/div>\n\t\t\t\t<\/div>\n\t\t\t\t<\/div>\n\t\t\t\t<section class=\"elementor-section elementor-inner-section elementor-element elementor-element-9f5594b elementor-section-boxed elementor-section-height-default elementor-section-height-default\" data-id=\"9f5594b\" data-element_type=\"section\">\n\t\t\t\t\t\t<div class=\"elementor-container elementor-column-gap-default\">\n\t\t\t\t\t\t\t<div class=\"elementor-row\">\n\t\t\t\t\t<div class=\"elementor-column elementor-col-33 elementor-inner-column elementor-element elementor-element-0b834ca\" data-id=\"0b834ca\" data-element_type=\"column\">\n\t\t\t<div class=\"elementor-column-wrap\">\n\t\t\t\t\t\t\t<div class=\"elementor-widget-wrap\">\n\t\t\t\t\t\t\t\t<\/div>\n\t\t\t\t\t<\/div>\n\t\t<\/div>\n\t\t\t\t<div class=\"elementor-column elementor-col-33 elementor-inner-column elementor-element elementor-element-4097009\" data-id=\"4097009\" data-element_type=\"column\">\n\t\t\t<div class=\"elementor-column-wrap elementor-element-populated\">\n\t\t\t\t\t\t\t<div class=\"elementor-widget-wrap\">\n\t\t\t\t\t\t<div class=\"elementor-element elementor-element-5328991 elementor-widget elementor-widget-image\" data-id=\"5328991\" data-element_type=\"widget\" data-widget_type=\"image.default\">\n\t\t\t\t<div class=\"elementor-widget-container\">\n\t\t\t\t\t<div class=\"elementor-image\">\n\t\t\t\t\t\t\t\t\t\t<img decoding=\"async\" src=\"https:\/\/kkik.hu\/study\/wp-content\/uploads\/2018\/04\/logokkikAzkkdI.png\" title=\"\" alt=\"\" \/>\t\t\t\t\t\t\t\t\t\t\t<\/div>\n\t\t\t\t<\/div>\n\t\t\t\t<\/div>\n\t\t\t\t\t\t<\/div>\n\t\t\t\t\t<\/div>\n\t\t<\/div>\n\t\t\t\t<div class=\"elementor-column elementor-col-33 elementor-inner-column elementor-element elementor-element-edcd0b8\" data-id=\"edcd0b8\" data-element_type=\"column\">\n\t\t\t<div class=\"elementor-column-wrap\">\n\t\t\t\t\t\t\t<div class=\"elementor-widget-wrap\">\n\t\t\t\t\t\t\t\t<\/div>\n\t\t\t\t\t<\/div>\n\t\t<\/div>\n\t\t\t\t\t\t\t\t<\/div>\n\t\t\t\t\t<\/div>\n\t\t<\/section>\n\t\t\t\t\t\t<\/div>\n\t\t\t\t\t<\/div>\n\t\t<\/div>\n\t\t\t\t\t\t\t\t<\/div>\n\t\t\t\t\t<\/div>\n\t\t<\/section>\n\t\t\t\t<section class=\"elementor-section elementor-top-section elementor-element elementor-element-6a61a1f6 elementor-section-boxed elementor-section-height-default elementor-section-height-default\" data-id=\"6a61a1f6\" data-element_type=\"section\">\n\t\t\t\t\t\t<div class=\"elementor-container elementor-column-gap-wide\">\n\t\t\t\t\t\t\t<div class=\"elementor-row\">\n\t\t\t\t\t<div class=\"elementor-column elementor-col-33 elementor-top-column elementor-element elementor-element-edc3ace\" data-id=\"edc3ace\" data-element_type=\"column\">\n\t\t\t<div class=\"elementor-column-wrap elementor-element-populated\">\n\t\t\t\t\t\t\t<div class=\"elementor-widget-wrap\">\n\t\t\t\t\t\t<div class=\"elementor-element elementor-element-5c7ed5f elementor-view-default elementor-position-top elementor-vertical-align-top elementor-widget elementor-widget-icon-box\" data-id=\"5c7ed5f\" data-element_type=\"widget\" data-widget_type=\"icon-box.default\">\n\t\t\t\t<div class=\"elementor-widget-container\">\n\t\t\t\t\t<div class=\"elementor-icon-box-wrapper\">\n\t\t\t\t\t\t<div class=\"elementor-icon-box-icon\">\n\t\t\t\t<span class=\"elementor-icon elementor-animation-\" >\n\t\t\t\t<i class=\"fa fa-flag\" aria-hidden=\"true\"><\/i>\t\t\t\t<\/span>\n\t\t\t<\/div>\n\t\t\t\t\t\t<div class=\"elementor-icon-box-content\">\n\t\t\t\t<h3 class=\"elementor-icon-box-title\">\n\t\t\t\t\t<span ><\/span>\n\t\t\t\t<\/h3>\n\t\t\t\t\t\t\t\t<p class=\"elementor-icon-box-description\">Our company has been established by a group of Chinese investors in 1998. It is located in Budapest, the capital city of Hungary. Since inception, we have always focused on bridging businesses, people, as well as government entities and NGOs between China and Hungary because we understand how intricate cultural differences can be.<\/p>\n\t\t\t\t\t\t\t<\/div>\n\t\t<\/div>\n\t\t\t\t<\/div>\n\t\t\t\t<\/div>\n\t\t\t\t\t\t<\/div>\n\t\t\t\t\t<\/div>\n\t\t<\/div>\n\t\t\t\t<div class=\"elementor-column elementor-col-33 elementor-top-column elementor-element elementor-element-473077fa\" data-id=\"473077fa\" data-element_type=\"column\">\n\t\t\t<div class=\"elementor-column-wrap elementor-element-populated\">\n\t\t\t\t\t\t\t<div class=\"elementor-widget-wrap\">\n\t\t\t\t\t\t<div class=\"elementor-element elementor-element-12a93b3e elementor-view-default elementor-position-top elementor-vertical-align-top elementor-widget elementor-widget-icon-box\" data-id=\"12a93b3e\" data-element_type=\"widget\" data-widget_type=\"icon-box.default\">\n\t\t\t\t<div class=\"elementor-widget-container\">\n\t\t\t\t\t<div class=\"elementor-icon-box-wrapper\">\n\t\t\t\t\t\t<div class=\"elementor-icon-box-icon\">\n\t\t\t\t<span class=\"elementor-icon elementor-animation-\" >\n\t\t\t\t<i class=\"fa fa-id-badge\" aria-hidden=\"true\"><\/i>\t\t\t\t<\/span>\n\t\t\t<\/div>\n\t\t\t\t\t\t<div class=\"elementor-icon-box-content\">\n\t\t\t\t<h3 class=\"elementor-icon-box-title\">\n\t\t\t\t\t<span ><\/span>\n\t\t\t\t<\/h3>\n\t\t\t\t\t\t\t\t<p class=\"elementor-icon-box-description\">With our expertise, we have established multiple successful business and cultural partnerships and have gained the trust from many other partners within both countries and governments. These partnerships span across various industries including but not limited to construction, medical equipment, high tech equipment, cosmetics, food, wine, etc.<\/p>\n\t\t\t\t\t\t\t<\/div>\n\t\t<\/div>\n\t\t\t\t<\/div>\n\t\t\t\t<\/div>\n\t\t\t\t\t\t<\/div>\n\t\t\t\t\t<\/div>\n\t\t<\/div>\n\t\t\t\t<div class=\"elementor-column elementor-col-33 elementor-top-column elementor-element elementor-element-66b50171\" data-id=\"66b50171\" data-element_type=\"column\">\n\t\t\t<div class=\"elementor-column-wrap elementor-element-populated\">\n\t\t\t\t\t\t\t<div class=\"elementor-widget-wrap\">\n\t\t\t\t\t\t<div class=\"elementor-element elementor-element-11bc759f elementor-view-default elementor-position-top elementor-vertical-align-top elementor-widget elementor-widget-icon-box\" data-id=\"11bc759f\" data-element_type=\"widget\" data-widget_type=\"icon-box.default\">\n\t\t\t\t<div class=\"elementor-widget-container\">\n\t\t\t\t\t<div class=\"elementor-icon-box-wrapper\">\n\t\t\t\t\t\t<div class=\"elementor-icon-box-icon\">\n\t\t\t\t<span class=\"elementor-icon elementor-animation-\" >\n\t\t\t\t<i class=\"fa fa-gift\" aria-hidden=\"true\"><\/i>\t\t\t\t<\/span>\n\t\t\t<\/div>\n\t\t\t\t\t\t<div class=\"elementor-icon-box-content\">\n\t\t\t\t<h3 class=\"elementor-icon-box-title\">\n\t\t\t\t\t<span ><\/span>\n\t\t\t\t<\/h3>\n\t\t\t\t\t\t\t\t<p class=\"elementor-icon-box-description\">we trust in sharing of information and value the importance a global perspective, we have established a program to help Chinese students to come abroad, study, and experience this beautiful and romantic country filled with potentials in the heart of Europe. \n<\/p>\n\t\t\t\t\t\t\t<\/div>\n\t\t<\/div>\n\t\t\t\t<\/div>\n\t\t\t\t<\/div>\n\t\t\t\t\t\t<\/div>\n\t\t\t\t\t<\/div>\n\t\t<\/div>\n\t\t\t\t\t\t\t\t<\/div>\n\t\t\t\t\t<\/div>\n\t\t<\/section>\n\t\t\t\t<section class=\"elementor-section elementor-top-section elementor-element elementor-element-8bc03 elementor-section-boxed elementor-section-height-default elementor-section-height-default\" data-id=\"8bc03\" data-element_type=\"section\" data-settings=\"{&quot;background_background&quot;:&quot;classic&quot;,&quot;shape_divider_top&quot;:&quot;curve&quot;,&quot;shape_divider_top_negative&quot;:&quot;yes&quot;}\">\n\t\t\t\t\t\t\t<div class=\"elementor-background-overlay\"><\/div>\n\t\t\t\t\t\t<div class=\"elementor-shape elementor-shape-top\" data-negative=\"true\">\n\t\t\t<svg xmlns=\"http:\/\/www.w3.org\/2000\/svg\" viewBox=\"0 0 1000 100\" preserveAspectRatio=\"none\">\n\t<path class=\"elementor-shape-fill\" d=\"M500,97C126.7,96.3,0.8,19.8,0,0v100l1000,0V1C1000,19.4,873.3,97.8,500,97z\"\/>\n<\/svg>\t\t<\/div>\n\t\t\t\t\t<div class=\"elementor-container elementor-column-gap-default\">\n\t\t\t\t\t\t\t<div class=\"elementor-row\">\n\t\t\t\t\t<div class=\"elementor-column elementor-col-100 elementor-top-column elementor-element elementor-element-775cba08\" data-id=\"775cba08\" data-element_type=\"column\">\n\t\t\t<div class=\"elementor-column-wrap elementor-element-populated\">\n\t\t\t\t\t\t\t<div class=\"elementor-widget-wrap\">\n\t\t\t\t\t\t<div class=\"elementor-element elementor-element-b3b5544 elementor-widget elementor-widget-image\" data-id=\"b3b5544\" data-element_type=\"widget\" data-widget_type=\"image.default\">\n\t\t\t\t<div class=\"elementor-widget-container\">\n\t\t\t\t\t<div class=\"elementor-image\">\n\t\t\t\t\t\t\t\t\t\t<img width=\"1920\" height=\"1200\" src=\"https:\/\/kkik.hu\/study\/wp-content\/uploads\/2018\/05\/13092Q10A4-25.jpg\" class=\"attachment-full size-full\" alt=\"\" decoding=\"async\" loading=\"lazy\" srcset=\"https:\/\/kkik.hu\/study\/wp-content\/uploads\/2018\/05\/13092Q10A4-25.jpg 1920w, https:\/\/kkik.hu\/study\/wp-content\/uploads\/2018\/05\/13092Q10A4-25-768x480.jpg 768w\" sizes=\"(max-width: 1920px) 100vw, 1920px\" data-attachment-id=\"1827\" data-permalink=\"https:\/\/kkik.hu\/study\/13092q10a4-25\/\" data-orig-file=\"https:\/\/kkik.hu\/study\/wp-content\/uploads\/2018\/05\/13092Q10A4-25.jpg\" data-orig-size=\"1920,1200\" data-comments-opened=\"1\" data-image-meta=\"{&quot;aperture&quot;:&quot;0&quot;,&quot;credit&quot;:&quot;&quot;,&quot;camera&quot;:&quot;&quot;,&quot;caption&quot;:&quot;&quot;,&quot;created_timestamp&quot;:&quot;0&quot;,&quot;copyright&quot;:&quot;&quot;,&quot;focal_length&quot;:&quot;0&quot;,&quot;iso&quot;:&quot;0&quot;,&quot;shutter_speed&quot;:&quot;0&quot;,&quot;title&quot;:&quot;&quot;,&quot;orientation&quot;:&quot;0&quot;}\" data-image-title=\"13092Q10A4-25\" data-image-description=\"\" data-medium-file=\"https:\/\/kkik.hu\/study\/wp-content\/uploads\/2018\/05\/13092Q10A4-25-300x300.jpg\" data-large-file=\"https:\/\/kkik.hu\/study\/wp-content\/uploads\/2018\/05\/13092Q10A4-25-1024x1024.jpg\" \/>\t\t\t\t\t\t\t\t\t\t\t<\/div>\n\t\t\t\t<\/div>\n\t\t\t\t<\/div>\n\t\t\t\t\t\t<\/div>\n\t\t\t\t\t<\/div>\n\t\t<\/div>\n\t\t\t\t\t\t\t\t<\/div>\n\t\t\t\t\t<\/div>\n\t\t<\/section>\n\t\t\t\t\t\t<\/div>\n\t\t\t\t\t\t<\/div>\n\t\t\t\t\t<\/div>\n\t\t","protected":false},"excerpt":{"rendered":"<p>About Us Our company has been established by a group of &hellip;<\/p>\n<p class=\"read-more\"> <a class=\"\" href=\"https:\/\/kkik.hu\/study\/about-us-en\/\"> <span class=\"screen-reader-text\">STUDY IN HUNGARY-English#About Us<\/span> \u67e5\u770b\u5168\u6587 &raquo;<\/a><\/p>\n","protected":false},"author":3,"featured_media":0,"parent":0,"menu_order":0,"comment_status":"closed","ping_status":"closed","template":"","meta":{"_monsterinsights_skip_tracking":false,"_monsterinsights_sitenote_active":false,"_monsterinsights_sitenote_note":"","_monsterinsights_sitenote_category":0,"spay_email":""},"jetpack-related-posts":[{"id":872,"url":"https:\/\/kkik.hu\/study\/","url_meta":{"origin":1813,"position":0},"title":"STUDY IN HUNGARY","date":"2018-04-20","format":false,"excerpt":"STUDY IN HUNGARY Hungary\u2019s higher education has gr\u2026","rel":"","context":"\u7c7b\u4f3c\u6587\u7ae0","img":{"alt_text":"","src":"https:\/\/i0.wp.com\/kkik.hu\/study\/wp-content\/uploads\/2018\/05\/13092Q10A4-14-4.jpg?resize=350%2C200&ssl=1","width":350,"height":200},"classes":[]},{"id":986,"url":"https:\/\/kkik.hu\/study\/obuda-en\/","url_meta":{"origin":1813,"position":1},"title":"STUDY IN HUNGARY-English#\u00f3buda","date":"2018-04-20","format":false,"excerpt":"\u00f3buda university \u00d3buda University was established \u2026","rel":"","context":"\u7c7b\u4f3c\u6587\u7ae0","img":{"alt_text":"","src":"https:\/\/i1.wp.com\/kkik.hu\/study\/wp-content\/uploads\/2018\/04\/1470399607_Illustration.png?resize=350%2C200&ssl=1","width":350,"height":200},"classes":[]},{"id":996,"url":"https:\/\/kkik.hu\/study\/metropolitan-en\/","url_meta":{"origin":1813,"position":2},"title":"STUDY IN HUNGARY-English#Metropolitan","date":"2018-04-20","format":false,"excerpt":"budapest Metropolitan university It is the biggest\u2026","rel":"","context":"\u7c7b\u4f3c\u6587\u7ae0","img":{"alt_text":"","src":"https:\/\/i1.wp.com\/kkik.hu\/study\/wp-content\/uploads\/2018\/04\/1470399607_Illustration.png?resize=350%2C200&ssl=1","width":350,"height":200},"classes":[]},{"id":935,"url":"https:\/\/kkik.hu\/study\/lorand-en\/","url_meta":{"origin":1813,"position":3},"title":"STUDY IN HUNGARY-English#Lor\u00e1nd","date":"2018-04-20","format":false,"excerpt":"E\u00f6tv\u00f6s Lor\u00e1nd Tudom\u00e1nyegyetem E\u00f6tv\u00f6s Lor\u00e1nd Univer\u2026","rel":"","context":"\u7c7b\u4f3c\u6587\u7ae0","img":{"alt_text":"","src":"https:\/\/i2.wp.com\/kkik.hu\/study\/wp-content\/uploads\/2018\/04\/1470399594_Web_Design.png?resize=350%2C200&ssl=1","width":350,"height":200},"classes":[]},{"id":1348,"url":"https:\/\/kkik.hu\/study\/dunaujvaros-en\/","url_meta":{"origin":1813,"position":4},"title":"STUDY IN HUNGARY-English#Duna\u00fajv\u00e1ros","date":"2018-05-07","format":false,"excerpt":"University of Duna\u00fajv\u00e1ros The institution becomes \u2026","rel":"","context":"\u7c7b\u4f3c\u6587\u7ae0","img":{"alt_text":"","src":"https:\/\/i1.wp.com\/kkik.hu\/study\/wp-content\/uploads\/2018\/04\/1470399607_Illustration.png?resize=350%2C200&ssl=1","width":350,"height":200},"classes":[]},{"id":2232,"url":"https:\/\/kkik.hu\/study\/karoli-en\/","url_meta":{"origin":1813,"position":5},"title":"STUDY IN HUNGARY-English#K\u00e1roli","date":"2018-05-17","format":false,"excerpt":"K\u00e1roli G\u00e1sp\u00e1r university This university was found\u2026","rel":"","context":"\u7c7b\u4f3c\u6587\u7ae0","img":{"alt_text":"","src":"https:\/\/i1.wp.com\/kkik.hu\/study\/wp-content\/uploads\/2018\/04\/1470399607_Illustration.png?resize=350%2C200&ssl=1","width":350,"height":200},"classes":[]}],"jetpack_shortlink":"https:\/\/wp.me\/P9V5h9-tf","_links":{"self":[{"href":"https:\/\/kkik.hu\/study\/wp-json\/wp\/v2\/pages\/1813"}],"collection":[{"href":"https:\/\/kkik.hu\/study\/wp-json\/wp\/v2\/pages"}],"about":[{"href":"https:\/\/kkik.hu\/study\/wp-json\/wp\/v2\/types\/page"}],"author":[{"embeddable":true,"href":"https:\/\/kkik.hu\/study\/wp-json\/wp\/v2\/users\/3"}],"replies":[{"embeddable":true,"href":"https:\/\/kkik.hu\/study\/wp-json\/wp\/v2\/comments?post=1813"}],"version-history":[{"count":0,"href":"https:\/\/kkik.hu\/study\/wp-json\/wp\/v2\/pages\/1813\/revisions"}],"wp:attachment":[{"href":"https:\/\/kkik.hu\/study\/wp-json\/wp\/v2\/media?parent=1813"}],"curies":[{"name":"wp","href":"https:\/\/api.w.org\/{rel}","templated":true}]}}