{"id":2232,"date":"2018-05-17T10:15:50","date_gmt":"2018-05-17T08:15:50","guid":{"rendered":"https:\/\/kkik.hu\/study\/?page_id=2232"},"modified":"2018-06-03T01:33:23","modified_gmt":"2018-06-02T23:33:23","slug":"karoli-en","status":"publish","type":"page","link":"https:\/\/kkik.hu\/study\/karoli-en\/","title":{"rendered":"STUDY IN HUNGARY-English#K\u00e1roli"},"content":{"rendered":"\t\t<div data-elementor-type=\"wp-post\" data-elementor-id=\"2232\" class=\"elementor elementor-2232 elementor-bc-flex-widget\" data-elementor-settings=\"[]\">\n\t\t\t\t\t\t<div class=\"elementor-inner\">\n\t\t\t\t\t\t\t<div class=\"elementor-section-wrap\">\n\t\t\t\t\t\t\t<section class=\"elementor-section elementor-top-section elementor-element elementor-element-556bede elementor-section-height-min-height elementor-section-boxed elementor-section-height-default elementor-section-items-middle\" data-id=\"556bede\" data-element_type=\"section\" data-settings=\"{&quot;background_background&quot;:&quot;classic&quot;}\">\n\t\t\t\t\t\t\t<div class=\"elementor-background-overlay\"><\/div>\n\t\t\t\t\t\t\t<div class=\"elementor-container elementor-column-gap-default\">\n\t\t\t\t\t\t\t<div class=\"elementor-row\">\n\t\t\t\t\t<div class=\"elementor-column elementor-col-100 elementor-top-column elementor-element elementor-element-18d4fbf\" data-id=\"18d4fbf\" data-element_type=\"column\">\n\t\t\t<div class=\"elementor-column-wrap elementor-element-populated\">\n\t\t\t\t\t\t\t<div class=\"elementor-widget-wrap\">\n\t\t\t\t\t\t<div class=\"elementor-element elementor-element-2e76dc37 elementor-widget elementor-widget-heading\" data-id=\"2e76dc37\" data-element_type=\"widget\" data-widget_type=\"heading.default\">\n\t\t\t\t<div class=\"elementor-widget-container\">\n\t\t\t<h2 class=\"elementor-heading-title elementor-size-large\">K\u00e1roli G\u00e1sp\u00e1r university<\/h2>\t\t<\/div>\n\t\t\t\t<\/div>\n\t\t\t\t<div class=\"elementor-element elementor-element-3b24d9e2 elementor-widget-divider--view-line elementor-widget elementor-widget-divider\" data-id=\"3b24d9e2\" data-element_type=\"widget\" data-widget_type=\"divider.default\">\n\t\t\t\t<div class=\"elementor-widget-container\">\n\t\t\t\t\t<div class=\"elementor-divider\">\n\t\t\t<span class=\"elementor-divider-separator\">\n\t\t\t\t\t\t<\/span>\n\t\t<\/div>\n\t\t\t\t<\/div>\n\t\t\t\t<\/div>\n\t\t\t\t\t\t<\/div>\n\t\t\t\t\t<\/div>\n\t\t<\/div>\n\t\t\t\t\t\t\t\t<\/div>\n\t\t\t\t\t<\/div>\n\t\t<\/section>\n\t\t\t\t<section class=\"elementor-section elementor-top-section elementor-element elementor-element-429f3f65 elementor-section-height-min-height elementor-section-content-middle elementor-section-boxed elementor-section-height-default elementor-section-items-middle\" data-id=\"429f3f65\" data-element_type=\"section\" data-settings=\"{&quot;background_background&quot;:&quot;classic&quot;}\">\n\t\t\t\t\t\t<div class=\"elementor-container elementor-column-gap-default\">\n\t\t\t\t\t\t\t<div class=\"elementor-row\">\n\t\t\t\t\t<div class=\"elementor-column elementor-col-50 elementor-top-column elementor-element elementor-element-66b24fda\" data-id=\"66b24fda\" data-element_type=\"column\">\n\t\t\t<div class=\"elementor-column-wrap elementor-element-populated\">\n\t\t\t\t\t\t\t<div class=\"elementor-widget-wrap\">\n\t\t\t\t\t\t<div class=\"elementor-element elementor-element-52bb3e1f elementor-widget-divider--view-line elementor-widget elementor-widget-divider\" data-id=\"52bb3e1f\" data-element_type=\"widget\" data-widget_type=\"divider.default\">\n\t\t\t\t<div class=\"elementor-widget-container\">\n\t\t\t\t\t<div class=\"elementor-divider\">\n\t\t\t<span class=\"elementor-divider-separator\">\n\t\t\t\t\t\t<\/span>\n\t\t<\/div>\n\t\t\t\t<\/div>\n\t\t\t\t<\/div>\n\t\t\t\t<div class=\"elementor-element elementor-element-494bd088 elementor-widget elementor-widget-text-editor\" data-id=\"494bd088\" data-element_type=\"widget\" data-widget_type=\"text-editor.default\">\n\t\t\t\t<div class=\"elementor-widget-container\">\n\t\t\t\t\t<div class=\"elementor-text-editor elementor-clearfix\"><h4 class=\"p1\"><span class=\"s1\">This university was founded in 1839, and is located in the center of Budapest.<\/span><\/h4><\/div>\n\t\t\t\t<\/div>\n\t\t\t\t<\/div>\n\t\t\t\t\t\t<\/div>\n\t\t\t\t\t<\/div>\n\t\t<\/div>\n\t\t\t\t<div class=\"elementor-column elementor-col-50 elementor-top-column elementor-element elementor-element-5f0c864c\" data-id=\"5f0c864c\" data-element_type=\"column\">\n\t\t\t<div class=\"elementor-column-wrap elementor-element-populated\">\n\t\t\t\t\t\t\t<div class=\"elementor-widget-wrap\">\n\t\t\t\t\t\t<div class=\"elementor-element elementor-element-38461d8a elementor-widget elementor-widget-image\" data-id=\"38461d8a\" data-element_type=\"widget\" data-widget_type=\"image.default\">\n\t\t\t\t<div class=\"elementor-widget-container\">\n\t\t\t\t\t<div class=\"elementor-image\">\n\t\t\t\t\t\t\t\t\t\t<img width=\"512\" height=\"512\" src=\"https:\/\/kkik.hu\/study\/wp-content\/uploads\/2018\/04\/1470399607_Illustration.png\" class=\"attachment-full size-full\" alt=\"\" decoding=\"async\" loading=\"lazy\" srcset=\"https:\/\/kkik.hu\/study\/wp-content\/uploads\/2018\/04\/1470399607_Illustration.png 512w, https:\/\/kkik.hu\/study\/wp-content\/uploads\/2018\/04\/1470399607_Illustration-150x150.png 150w, https:\/\/kkik.hu\/study\/wp-content\/uploads\/2018\/04\/1470399607_Illustration-300x300.png 300w, https:\/\/kkik.hu\/study\/wp-content\/uploads\/2018\/04\/1470399607_Illustration-768x768.png 768w, https:\/\/kkik.hu\/study\/wp-content\/uploads\/2018\/04\/1470399607_Illustration-1024x1024.png 1024w, https:\/\/kkik.hu\/study\/wp-content\/uploads\/2018\/04\/1470399607_Illustration-20x20.png 20w\" sizes=\"(max-width: 512px) 100vw, 512px\" data-attachment-id=\"294\" data-permalink=\"https:\/\/kkik.hu\/study\/1470399607_illustration-png\/\" data-orig-file=\"https:\/\/kkik.hu\/study\/wp-content\/uploads\/2018\/04\/1470399607_Illustration.png\" data-orig-size=\"512,512\" data-comments-opened=\"1\" data-image-meta=\"{&quot;aperture&quot;:&quot;0&quot;,&quot;credit&quot;:&quot;&quot;,&quot;camera&quot;:&quot;&quot;,&quot;caption&quot;:&quot;&quot;,&quot;created_timestamp&quot;:&quot;0&quot;,&quot;copyright&quot;:&quot;&quot;,&quot;focal_length&quot;:&quot;0&quot;,&quot;iso&quot;:&quot;0&quot;,&quot;shutter_speed&quot;:&quot;0&quot;,&quot;title&quot;:&quot;&quot;,&quot;orientation&quot;:&quot;0&quot;}\" data-image-title=\"1470399607_Illustration.png\" data-image-description=\"\" data-medium-file=\"https:\/\/kkik.hu\/study\/wp-content\/uploads\/2018\/04\/1470399607_Illustration-300x300.png\" data-large-file=\"https:\/\/kkik.hu\/study\/wp-content\/uploads\/2018\/04\/1470399607_Illustration-1024x1024.png\" \/>\t\t\t\t\t\t\t\t\t\t\t<\/div>\n\t\t\t\t<\/div>\n\t\t\t\t<\/div>\n\t\t\t\t\t\t<\/div>\n\t\t\t\t\t<\/div>\n\t\t<\/div>\n\t\t\t\t\t\t\t\t<\/div>\n\t\t\t\t\t<\/div>\n\t\t<\/section>\n\t\t\t\t<section class=\"elementor-section elementor-top-section elementor-element elementor-element-3b1305cb elementor-section-height-min-height elementor-section-content-middle elementor-reverse-mobile elementor-section-boxed elementor-section-height-default elementor-section-items-middle\" data-id=\"3b1305cb\" data-element_type=\"section\" data-settings=\"{&quot;background_background&quot;:&quot;none&quot;}\">\n\t\t\t\t\t\t<div class=\"elementor-container elementor-column-gap-default\">\n\t\t\t\t\t\t\t<div class=\"elementor-row\">\n\t\t\t\t\t<div class=\"elementor-column elementor-col-50 elementor-top-column elementor-element elementor-element-5fbefed2\" data-id=\"5fbefed2\" data-element_type=\"column\">\n\t\t\t<div class=\"elementor-column-wrap elementor-element-populated\">\n\t\t\t\t\t\t\t<div class=\"elementor-widget-wrap\">\n\t\t\t\t\t\t<div class=\"elementor-element elementor-element-5e3020b7 elementor-widget elementor-widget-image\" data-id=\"5e3020b7\" data-element_type=\"widget\" data-widget_type=\"image.default\">\n\t\t\t\t<div class=\"elementor-widget-container\">\n\t\t\t\t\t<div class=\"elementor-image\">\n\t\t\t\t\t\t\t\t\t\t<img width=\"512\" height=\"512\" src=\"https:\/\/kkik.hu\/study\/wp-content\/uploads\/2018\/04\/1470399614_Social_Media.png\" class=\"attachment-full size-full\" alt=\"\" decoding=\"async\" loading=\"lazy\" srcset=\"https:\/\/kkik.hu\/study\/wp-content\/uploads\/2018\/04\/1470399614_Social_Media.png 512w, https:\/\/kkik.hu\/study\/wp-content\/uploads\/2018\/04\/1470399614_Social_Media-150x150.png 150w, https:\/\/kkik.hu\/study\/wp-content\/uploads\/2018\/04\/1470399614_Social_Media-300x300.png 300w, https:\/\/kkik.hu\/study\/wp-content\/uploads\/2018\/04\/1470399614_Social_Media-768x768.png 768w, https:\/\/kkik.hu\/study\/wp-content\/uploads\/2018\/04\/1470399614_Social_Media-1024x1024.png 1024w, https:\/\/kkik.hu\/study\/wp-content\/uploads\/2018\/04\/1470399614_Social_Media-20x20.png 20w\" sizes=\"(max-width: 512px) 100vw, 512px\" data-attachment-id=\"295\" data-permalink=\"https:\/\/kkik.hu\/study\/1470399614_social_media-png\/\" data-orig-file=\"https:\/\/kkik.hu\/study\/wp-content\/uploads\/2018\/04\/1470399614_Social_Media.png\" data-orig-size=\"512,512\" data-comments-opened=\"1\" data-image-meta=\"{&quot;aperture&quot;:&quot;0&quot;,&quot;credit&quot;:&quot;&quot;,&quot;camera&quot;:&quot;&quot;,&quot;caption&quot;:&quot;&quot;,&quot;created_timestamp&quot;:&quot;0&quot;,&quot;copyright&quot;:&quot;&quot;,&quot;focal_length&quot;:&quot;0&quot;,&quot;iso&quot;:&quot;0&quot;,&quot;shutter_speed&quot;:&quot;0&quot;,&quot;title&quot;:&quot;&quot;,&quot;orientation&quot;:&quot;0&quot;}\" data-image-title=\"1470399614_Social_Media.png\" data-image-description=\"\" data-medium-file=\"https:\/\/kkik.hu\/study\/wp-content\/uploads\/2018\/04\/1470399614_Social_Media-300x300.png\" data-large-file=\"https:\/\/kkik.hu\/study\/wp-content\/uploads\/2018\/04\/1470399614_Social_Media-1024x1024.png\" \/>\t\t\t\t\t\t\t\t\t\t\t<\/div>\n\t\t\t\t<\/div>\n\t\t\t\t<\/div>\n\t\t\t\t\t\t<\/div>\n\t\t\t\t\t<\/div>\n\t\t<\/div>\n\t\t\t\t<div class=\"elementor-column elementor-col-50 elementor-top-column elementor-element elementor-element-59f64d71\" data-id=\"59f64d71\" data-element_type=\"column\">\n\t\t\t<div class=\"elementor-column-wrap elementor-element-populated\">\n\t\t\t\t\t\t\t<div class=\"elementor-widget-wrap\">\n\t\t\t\t\t\t<div class=\"elementor-element elementor-element-12c435d1 elementor-widget-divider--view-line elementor-widget elementor-widget-divider\" data-id=\"12c435d1\" data-element_type=\"widget\" data-widget_type=\"divider.default\">\n\t\t\t\t<div class=\"elementor-widget-container\">\n\t\t\t\t\t<div class=\"elementor-divider\">\n\t\t\t<span class=\"elementor-divider-separator\">\n\t\t\t\t\t\t<\/span>\n\t\t<\/div>\n\t\t\t\t<\/div>\n\t\t\t\t<\/div>\n\t\t\t\t<div class=\"elementor-element elementor-element-a1efcea elementor-widget elementor-widget-text-editor\" data-id=\"a1efcea\" data-element_type=\"widget\" data-widget_type=\"text-editor.default\">\n\t\t\t\t<div class=\"elementor-widget-container\">\n\t\t\t\t\t<div class=\"elementor-text-editor elementor-clearfix\"><h4 class=\"p1\"><span class=\"s1\">The university focuses more on practical and hands on education rather than pure theoretical.<\/span><\/h4><\/div>\n\t\t\t\t<\/div>\n\t\t\t\t<\/div>\n\t\t\t\t\t\t<\/div>\n\t\t\t\t\t<\/div>\n\t\t<\/div>\n\t\t\t\t\t\t\t\t<\/div>\n\t\t\t\t\t<\/div>\n\t\t<\/section>\n\t\t\t\t<section class=\"elementor-section elementor-top-section elementor-element elementor-element-1ed62263 elementor-section-height-min-height elementor-section-content-middle elementor-section-boxed elementor-section-height-default elementor-section-items-middle\" data-id=\"1ed62263\" data-element_type=\"section\" data-settings=\"{&quot;background_background&quot;:&quot;classic&quot;}\">\n\t\t\t\t\t\t<div class=\"elementor-container elementor-column-gap-default\">\n\t\t\t\t\t\t\t<div class=\"elementor-row\">\n\t\t\t\t\t<div class=\"elementor-column elementor-col-50 elementor-top-column elementor-element elementor-element-1d48d2a3\" data-id=\"1d48d2a3\" data-element_type=\"column\">\n\t\t\t<div class=\"elementor-column-wrap elementor-element-populated\">\n\t\t\t\t\t\t\t<div class=\"elementor-widget-wrap\">\n\t\t\t\t\t\t<div class=\"elementor-element elementor-element-1bec9a18 elementor-widget-divider--view-line elementor-widget elementor-widget-divider\" data-id=\"1bec9a18\" data-element_type=\"widget\" data-widget_type=\"divider.default\">\n\t\t\t\t<div class=\"elementor-widget-container\">\n\t\t\t\t\t<div class=\"elementor-divider\">\n\t\t\t<span class=\"elementor-divider-separator\">\n\t\t\t\t\t\t<\/span>\n\t\t<\/div>\n\t\t\t\t<\/div>\n\t\t\t\t<\/div>\n\t\t\t\t<div class=\"elementor-element elementor-element-7ba83bb elementor-widget elementor-widget-text-editor\" data-id=\"7ba83bb\" data-element_type=\"widget\" data-widget_type=\"text-editor.default\">\n\t\t\t\t<div class=\"elementor-widget-container\">\n\t\t\t\t\t<div class=\"elementor-text-editor elementor-clearfix\"><h4 class=\"p1\"><span class=\"s1\">K\u00e1roli G\u00e1sp\u00e1r University has 4 Schools and 42 bachelor\u2019s programs. It is best known for its Psychology studies.<\/span><\/h4><\/div>\n\t\t\t\t<\/div>\n\t\t\t\t<\/div>\n\t\t\t\t\t\t<\/div>\n\t\t\t\t\t<\/div>\n\t\t<\/div>\n\t\t\t\t<div class=\"elementor-column elementor-col-50 elementor-top-column elementor-element elementor-element-1cfaa829\" data-id=\"1cfaa829\" data-element_type=\"column\">\n\t\t\t<div class=\"elementor-column-wrap elementor-element-populated\">\n\t\t\t\t\t\t\t<div class=\"elementor-widget-wrap\">\n\t\t\t\t\t\t<div class=\"elementor-element elementor-element-42df5d9d elementor-widget elementor-widget-image\" data-id=\"42df5d9d\" data-element_type=\"widget\" data-widget_type=\"image.default\">\n\t\t\t\t<div class=\"elementor-widget-container\">\n\t\t\t\t\t<div class=\"elementor-image\">\n\t\t\t\t\t\t\t\t\t\t<img width=\"512\" height=\"512\" src=\"https:\/\/kkik.hu\/study\/wp-content\/uploads\/2018\/04\/1470399594_Web_Design.png\" class=\"attachment-full size-full\" alt=\"\" decoding=\"async\" loading=\"lazy\" srcset=\"https:\/\/kkik.hu\/study\/wp-content\/uploads\/2018\/04\/1470399594_Web_Design.png 512w, https:\/\/kkik.hu\/study\/wp-content\/uploads\/2018\/04\/1470399594_Web_Design-150x150.png 150w, https:\/\/kkik.hu\/study\/wp-content\/uploads\/2018\/04\/1470399594_Web_Design-300x300.png 300w, https:\/\/kkik.hu\/study\/wp-content\/uploads\/2018\/04\/1470399594_Web_Design-768x768.png 768w, https:\/\/kkik.hu\/study\/wp-content\/uploads\/2018\/04\/1470399594_Web_Design-1024x1024.png 1024w, https:\/\/kkik.hu\/study\/wp-content\/uploads\/2018\/04\/1470399594_Web_Design-20x20.png 20w\" sizes=\"(max-width: 512px) 100vw, 512px\" data-attachment-id=\"296\" data-permalink=\"https:\/\/kkik.hu\/study\/1470399594_web_design-png\/\" data-orig-file=\"https:\/\/kkik.hu\/study\/wp-content\/uploads\/2018\/04\/1470399594_Web_Design.png\" data-orig-size=\"512,512\" data-comments-opened=\"1\" data-image-meta=\"{&quot;aperture&quot;:&quot;0&quot;,&quot;credit&quot;:&quot;&quot;,&quot;camera&quot;:&quot;&quot;,&quot;caption&quot;:&quot;&quot;,&quot;created_timestamp&quot;:&quot;0&quot;,&quot;copyright&quot;:&quot;&quot;,&quot;focal_length&quot;:&quot;0&quot;,&quot;iso&quot;:&quot;0&quot;,&quot;shutter_speed&quot;:&quot;0&quot;,&quot;title&quot;:&quot;&quot;,&quot;orientation&quot;:&quot;0&quot;}\" data-image-title=\"1470399594_Web_Design.png\" data-image-description=\"\" data-medium-file=\"https:\/\/kkik.hu\/study\/wp-content\/uploads\/2018\/04\/1470399594_Web_Design-300x300.png\" data-large-file=\"https:\/\/kkik.hu\/study\/wp-content\/uploads\/2018\/04\/1470399594_Web_Design-1024x1024.png\" \/>\t\t\t\t\t\t\t\t\t\t\t<\/div>\n\t\t\t\t<\/div>\n\t\t\t\t<\/div>\n\t\t\t\t\t\t<\/div>\n\t\t\t\t\t<\/div>\n\t\t<\/div>\n\t\t\t\t\t\t\t\t<\/div>\n\t\t\t\t\t<\/div>\n\t\t<\/section>\n\t\t\t\t<section class=\"elementor-section elementor-top-section elementor-element elementor-element-92c15cf elementor-section-content-middle elementor-section-boxed elementor-section-height-default elementor-section-height-default\" data-id=\"92c15cf\" data-element_type=\"section\">\n\t\t\t\t\t\t<div class=\"elementor-container elementor-column-gap-no\">\n\t\t\t\t\t\t\t<div class=\"elementor-row\">\n\t\t\t\t\t<div class=\"elementor-column elementor-col-33 elementor-top-column elementor-element elementor-element-7b3dae55\" data-id=\"7b3dae55\" data-element_type=\"column\">\n\t\t\t<div class=\"elementor-column-wrap elementor-element-populated\">\n\t\t\t\t\t\t\t<div class=\"elementor-widget-wrap\">\n\t\t\t\t\t\t<div class=\"elementor-element elementor-element-3647e26a elementor-view-default elementor-position-top elementor-vertical-align-top elementor-widget elementor-widget-icon-box\" data-id=\"3647e26a\" data-element_type=\"widget\" data-widget_type=\"icon-box.default\">\n\t\t\t\t<div class=\"elementor-widget-container\">\n\t\t\t\t\t<div class=\"elementor-icon-box-wrapper\">\n\t\t\t\t\t\t<div class=\"elementor-icon-box-icon\">\n\t\t\t\t<span class=\"elementor-icon elementor-animation-\" >\n\t\t\t\t<i class=\"fa fa-pencil\" aria-hidden=\"true\"><\/i>\t\t\t\t<\/span>\n\t\t\t<\/div>\n\t\t\t\t\t\t<div class=\"elementor-icon-box-content\">\n\t\t\t\t<h3 class=\"elementor-icon-box-title\">\n\t\t\t\t\t<span ><\/span>\n\t\t\t\t<\/h3>\n\t\t\t\t\t\t\t\t<p class=\"elementor-icon-box-description\">This university was founded in 1839, and is located in the center of Budapest.\n<\/p>\n\t\t\t\t\t\t\t<\/div>\n\t\t<\/div>\n\t\t\t\t<\/div>\n\t\t\t\t<\/div>\n\t\t\t\t<div class=\"elementor-element elementor-element-5d58cb8d elementor-view-default elementor-position-top elementor-vertical-align-top elementor-widget elementor-widget-icon-box\" data-id=\"5d58cb8d\" data-element_type=\"widget\" data-widget_type=\"icon-box.default\">\n\t\t\t\t<div class=\"elementor-widget-container\">\n\t\t\t\t\t<div class=\"elementor-icon-box-wrapper\">\n\t\t\t\t\t\t<div class=\"elementor-icon-box-icon\">\n\t\t\t\t<span class=\"elementor-icon elementor-animation-\" >\n\t\t\t\t<i class=\"fa fa-bullseye\" aria-hidden=\"true\"><\/i>\t\t\t\t<\/span>\n\t\t\t<\/div>\n\t\t\t\t\t\t<div class=\"elementor-icon-box-content\">\n\t\t\t\t<h3 class=\"elementor-icon-box-title\">\n\t\t\t\t\t<span ><\/span>\n\t\t\t\t<\/h3>\n\t\t\t\t\t\t\t\t<p class=\"elementor-icon-box-description\">The university focuses more on practical and hands on education rather than pure theoretical.\n<\/p>\n\t\t\t\t\t\t\t<\/div>\n\t\t<\/div>\n\t\t\t\t<\/div>\n\t\t\t\t<\/div>\n\t\t\t\t\t\t<\/div>\n\t\t\t\t\t<\/div>\n\t\t<\/div>\n\t\t\t\t<div class=\"elementor-column elementor-col-33 elementor-top-column elementor-element elementor-element-3fa1b45\" data-id=\"3fa1b45\" data-element_type=\"column\">\n\t\t\t<div class=\"elementor-column-wrap elementor-element-populated\">\n\t\t\t\t\t\t\t<div class=\"elementor-widget-wrap\">\n\t\t\t\t\t\t<div class=\"elementor-element elementor-element-5378f51a elementor-widget elementor-widget-image\" data-id=\"5378f51a\" data-element_type=\"widget\" data-widget_type=\"image.default\">\n\t\t\t\t<div class=\"elementor-widget-container\">\n\t\t\t\t\t<div class=\"elementor-image\">\n\t\t\t\t\t\t\t\t\t\t<img width=\"1772\" height=\"1772\" src=\"https:\/\/kkik.hu\/study\/wp-content\/uploads\/2018\/05\/kaolo-1.jpg\" class=\"attachment-full size-full\" alt=\"\" decoding=\"async\" loading=\"lazy\" srcset=\"https:\/\/kkik.hu\/study\/wp-content\/uploads\/2018\/05\/kaolo-1.jpg 1772w, https:\/\/kkik.hu\/study\/wp-content\/uploads\/2018\/05\/kaolo-1-150x150.jpg 150w, https:\/\/kkik.hu\/study\/wp-content\/uploads\/2018\/05\/kaolo-1-300x300.jpg 300w, https:\/\/kkik.hu\/study\/wp-content\/uploads\/2018\/05\/kaolo-1-768x768.jpg 768w, https:\/\/kkik.hu\/study\/wp-content\/uploads\/2018\/05\/kaolo-1-1024x1024.jpg 1024w, https:\/\/kkik.hu\/study\/wp-content\/uploads\/2018\/05\/kaolo-1-20x20.jpg 20w\" sizes=\"(max-width: 1772px) 100vw, 1772px\" data-attachment-id=\"2124\" data-permalink=\"https:\/\/kkik.hu\/study\/study-in-hungary-en\/kaolo-2\/\" data-orig-file=\"https:\/\/kkik.hu\/study\/wp-content\/uploads\/2018\/05\/kaolo-1.jpg\" data-orig-size=\"1772,1772\" data-comments-opened=\"1\" data-image-meta=\"{&quot;aperture&quot;:&quot;0&quot;,&quot;credit&quot;:&quot;&quot;,&quot;camera&quot;:&quot;&quot;,&quot;caption&quot;:&quot;&quot;,&quot;created_timestamp&quot;:&quot;0&quot;,&quot;copyright&quot;:&quot;&quot;,&quot;focal_length&quot;:&quot;0&quot;,&quot;iso&quot;:&quot;0&quot;,&quot;shutter_speed&quot;:&quot;0&quot;,&quot;title&quot;:&quot;&quot;,&quot;orientation&quot;:&quot;1&quot;}\" data-image-title=\"kaolo\" data-image-description=\"\" data-medium-file=\"https:\/\/kkik.hu\/study\/wp-content\/uploads\/2018\/05\/kaolo-1-300x300.jpg\" data-large-file=\"https:\/\/kkik.hu\/study\/wp-content\/uploads\/2018\/05\/kaolo-1-1024x1024.jpg\" \/>\t\t\t\t\t\t\t\t\t\t\t<\/div>\n\t\t\t\t<\/div>\n\t\t\t\t<\/div>\n\t\t\t\t\t\t<\/div>\n\t\t\t\t\t<\/div>\n\t\t<\/div>\n\t\t\t\t<div class=\"elementor-column elementor-col-33 elementor-top-column elementor-element elementor-element-2f83ce4b\" data-id=\"2f83ce4b\" data-element_type=\"column\">\n\t\t\t<div class=\"elementor-column-wrap elementor-element-populated\">\n\t\t\t\t\t\t\t<div class=\"elementor-widget-wrap\">\n\t\t\t\t\t\t<div class=\"elementor-element elementor-element-55e849e elementor-view-default elementor-position-top elementor-vertical-align-top elementor-widget elementor-widget-icon-box\" data-id=\"55e849e\" data-element_type=\"widget\" data-widget_type=\"icon-box.default\">\n\t\t\t\t<div class=\"elementor-widget-container\">\n\t\t\t\t\t<div class=\"elementor-icon-box-wrapper\">\n\t\t\t\t\t\t<div class=\"elementor-icon-box-icon\">\n\t\t\t\t<span class=\"elementor-icon elementor-animation-\" >\n\t\t\t\t<i class=\"fa fa-codepen\" aria-hidden=\"true\"><\/i>\t\t\t\t<\/span>\n\t\t\t<\/div>\n\t\t\t\t\t\t<div class=\"elementor-icon-box-content\">\n\t\t\t\t<h3 class=\"elementor-icon-box-title\">\n\t\t\t\t\t<span ><\/span>\n\t\t\t\t<\/h3>\n\t\t\t\t\t\t\t\t<p class=\"elementor-icon-box-description\">It is the 10th popular university in Hungary.\n\n<\/p>\n\t\t\t\t\t\t\t<\/div>\n\t\t<\/div>\n\t\t\t\t<\/div>\n\t\t\t\t<\/div>\n\t\t\t\t<div class=\"elementor-element elementor-element-45d63f6 elementor-view-default elementor-position-top elementor-vertical-align-top elementor-widget elementor-widget-icon-box\" data-id=\"45d63f6\" data-element_type=\"widget\" data-widget_type=\"icon-box.default\">\n\t\t\t\t<div class=\"elementor-widget-container\">\n\t\t\t\t\t<div class=\"elementor-icon-box-wrapper\">\n\t\t\t\t\t\t<div class=\"elementor-icon-box-icon\">\n\t\t\t\t<span class=\"elementor-icon elementor-animation-\" >\n\t\t\t\t<i class=\"fa fa-bullseye\" aria-hidden=\"true\"><\/i>\t\t\t\t<\/span>\n\t\t\t<\/div>\n\t\t\t\t\t\t<div class=\"elementor-icon-box-content\">\n\t\t\t\t<h3 class=\"elementor-icon-box-title\">\n\t\t\t\t\t<span ><\/span>\n\t\t\t\t<\/h3>\n\t\t\t\t\t\t\t\t<p class=\"elementor-icon-box-description\">K\u00e1roli G\u00e1sp\u00e1r University has 4 Schools and 42 bachelor\u2019s programs. It is best known for its Psychology studies.\n<\/p>\n\t\t\t\t\t\t\t<\/div>\n\t\t<\/div>\n\t\t\t\t<\/div>\n\t\t\t\t<\/div>\n\t\t\t\t\t\t<\/div>\n\t\t\t\t\t<\/div>\n\t\t<\/div>\n\t\t\t\t\t\t\t\t<\/div>\n\t\t\t\t\t<\/div>\n\t\t<\/section>\n\t\t\t\t\t\t<\/div>\n\t\t\t\t\t\t<\/div>\n\t\t\t\t\t<\/div>\n\t\t","protected":false},"excerpt":{"rendered":"<p>K\u00e1roli G\u00e1sp\u00e1r university This university was founded in &hellip;<\/p>\n<p class=\"read-more\"> <a class=\"\" href=\"https:\/\/kkik.hu\/study\/karoli-en\/\"> <span class=\"screen-reader-text\">STUDY IN HUNGARY-English#K\u00e1roli<\/span> \u67e5\u770b\u5168\u6587 &raquo;<\/a><\/p>\n","protected":false},"author":3,"featured_media":0,"parent":0,"menu_order":0,"comment_status":"closed","ping_status":"closed","template":"elementor_header_footer","meta":{"_monsterinsights_skip_tracking":false,"_monsterinsights_sitenote_active":false,"_monsterinsights_sitenote_note":"","_monsterinsights_sitenote_category":0,"spay_email":""},"jetpack-related-posts":[{"id":872,"url":"https:\/\/kkik.hu\/study\/","url_meta":{"origin":2232,"position":0},"title":"STUDY IN HUNGARY","date":"2018-04-20","format":false,"excerpt":"STUDY IN HUNGARY Hungary\u2019s higher education has gr\u2026","rel":"","context":"\u7c7b\u4f3c\u6587\u7ae0","img":{"alt_text":"","src":"https:\/\/i0.wp.com\/kkik.hu\/study\/wp-content\/uploads\/2018\/05\/13092Q10A4-14-4.jpg?resize=350%2C200&ssl=1","width":350,"height":200},"classes":[]},{"id":1017,"url":"https:\/\/kkik.hu\/study\/corvinus-en\/","url_meta":{"origin":2232,"position":1},"title":"STUDY IN HUNGARY-English#Corvinus","date":"2018-04-20","format":false,"excerpt":"Corvinus university of Budapest Corvinus Universit\u2026","rel":"","context":"\u7c7b\u4f3c\u6587\u7ae0","img":{"alt_text":"","src":"https:\/\/i1.wp.com\/kkik.hu\/study\/wp-content\/uploads\/2018\/04\/1470399607_Illustration.png?resize=350%2C200&ssl=1","width":350,"height":200},"classes":[]},{"id":1007,"url":"https:\/\/kkik.hu\/study\/muszaki-en\/","url_meta":{"origin":2232,"position":2},"title":"STUDY IN HUNGARY-English#Muszaki","date":"2018-04-20","format":false,"excerpt":"BME - Budapest University of Technology and Econom\u2026","rel":"","context":"\u7c7b\u4f3c\u6587\u7ae0","img":{"alt_text":"","src":"https:\/\/i1.wp.com\/kkik.hu\/study\/wp-content\/uploads\/2018\/04\/1470399607_Illustration.png?resize=350%2C200&ssl=1","width":350,"height":200},"classes":[]},{"id":2139,"url":"https:\/\/kkik.hu\/study\/semmelweis-en\/","url_meta":{"origin":2232,"position":3},"title":"STUDY IN HUNGARY-English#Semmelweis","date":"2018-05-16","format":false,"excerpt":"Semmelweis University With its more the 250 years \u2026","rel":"","context":"\u7c7b\u4f3c\u6587\u7ae0","img":{"alt_text":"","src":"https:\/\/i1.wp.com\/kkik.hu\/study\/wp-content\/uploads\/2018\/04\/1470399607_Illustration.png?resize=350%2C200&ssl=1","width":350,"height":200},"classes":[]},{"id":1019,"url":"https:\/\/kkik.hu\/study\/pecsi-en\/","url_meta":{"origin":2232,"position":4},"title":"STUDY IN HUNGARY-English#P\u00e9csi","date":"2018-04-20","format":false,"excerpt":"P\u00e9csi Tudom\u00e1nyegyetem It was founded in 1367. This\u2026","rel":"","context":"\u7c7b\u4f3c\u6587\u7ae0","img":{"alt_text":"","src":"https:\/\/i1.wp.com\/kkik.hu\/study\/wp-content\/uploads\/2018\/04\/btk_felulrol.jpg?resize=350%2C200&ssl=1","width":350,"height":200},"classes":[]},{"id":986,"url":"https:\/\/kkik.hu\/study\/obuda-en\/","url_meta":{"origin":2232,"position":5},"title":"STUDY IN HUNGARY-English#\u00f3buda","date":"2018-04-20","format":false,"excerpt":"\u00f3buda university \u00d3buda University was established \u2026","rel":"","context":"\u7c7b\u4f3c\u6587\u7ae0","img":{"alt_text":"","src":"https:\/\/i1.wp.com\/kkik.hu\/study\/wp-content\/uploads\/2018\/04\/1470399607_Illustration.png?resize=350%2C200&ssl=1","width":350,"height":200},"classes":[]}],"jetpack_shortlink":"https:\/\/wp.me\/P9V5h9-A0","_links":{"self":[{"href":"https:\/\/kkik.hu\/study\/wp-json\/wp\/v2\/pages\/2232"}],"collection":[{"href":"https:\/\/kkik.hu\/study\/wp-json\/wp\/v2\/pages"}],"about":[{"href":"https:\/\/kkik.hu\/study\/wp-json\/wp\/v2\/types\/page"}],"author":[{"embeddable":true,"href":"https:\/\/kkik.hu\/study\/wp-json\/wp\/v2\/users\/3"}],"replies":[{"embeddable":true,"href":"https:\/\/kkik.hu\/study\/wp-json\/wp\/v2\/comments?post=2232"}],"version-history":[{"count":0,"href":"https:\/\/kkik.hu\/study\/wp-json\/wp\/v2\/pages\/2232\/revisions"}],"wp:attachment":[{"href":"https:\/\/kkik.hu\/study\/wp-json\/wp\/v2\/media?parent=2232"}],"curies":[{"name":"wp","href":"https:\/\/api.w.org\/{rel}","templated":true}]}}